{"id":755,"date":"2023-04-01T10:54:15","date_gmt":"2023-04-01T13:54:15","guid":{"rendered":"https:\/\/www.smn.org.br\/congresso\/?page_id=755"},"modified":"2023-05-22T09:44:20","modified_gmt":"2023-05-22T12:44:20","slug":"curso-nefropatologia-glomerulopatias","status":"publish","type":"page","link":"https:\/\/smn.org.br\/congresso\/curso-nefropatologia-glomerulopatias\/","title":{"rendered":"Curso Pr\u00e9-congresso 2 &#8211; Nefropatologia e Glomerulopatias"},"content":{"rendered":"\r\n<figure class=\"wp-block-table\">\r\n<h2 style=\"text-align: center;\">CURSO 2 &#8211; CURSO DE NEFROPATOLOGIA E GLOMERULOPATIAS<\/h2>\r\n<table>\r\n<thead>\r\n<tr>\r\n<th>Peroba Rosa 2<\/th>\r\n<th>Tema<\/th>\r\n<\/tr>\r\n<\/thead>\r\n<tbody>\r\n<tr>\r\n<td>11:00 &#8211; 12:30<\/td>\r\n<td><strong>M\u00d3DULO 1<\/strong><\/td>\r\n<\/tr>\r\n<tr>\r\n<td>11:00 &#8211; 11:30<\/td>\r\n<td><strong>Glomerulopatia Membranosa: Caso cl\u00ednico e Diagn\u00f3sticos Diferencias<\/strong><br \/><em>PALESTRANTE: LECT\u00cdCIA JORGE (SP)<\/em><\/td>\r\n<\/tr>\r\n<tr>\r\n<td>11:30 &#8211; 12:00<\/td>\r\n<td><strong>Glomerulopatia membranosa: O papel da morfologia, imunohistoquimica e imunoflouresc\u00eancia<\/strong><br \/><em>PALESTRANTE: DAVID CAMPOS WANDERLEY &#8211; Inst. de Nefropatologia (MG)<\/em><\/td>\r\n<\/tr>\r\n<tr>\r\n<td>12:00 &#8211; 12:30<\/td>\r\n<td><strong>Glomerulopatia membranosa: Perpectivas e tratamento<\/strong><br \/><em>PALESTRANTE: LECT\u00cdCIA JORGE (MG)<\/em><\/td>\r\n<\/tr>\r\n<tr class=\"cinza\">\r\n<td>12:30-14:00<\/td>\r\n<td>Intervalo<\/td>\r\n<\/tr>\r\n<tr>\r\n<td>14:00 &#8211; 15:30<\/td>\r\n<td><strong>M\u00d3DULO 2<\/strong><\/td>\r\n<\/tr>\r\n<tr>\r\n<td>14:00-14:45<\/td>\r\n<td><strong>Glomerulopatia por C3 dominante: Diagn\u00f3sticos Diferenciais e perspectivas futuras<\/strong><br \/><em>PALESTRANTE: SILVANA MARIA CARVALHO MIRANDA (MG)<br \/>PALESTRANTE: STANLEY DE ALMEIDA ARA\u00daJO (MG)<\/em><\/td>\r\n<\/tr>\r\n<tr>\r\n<td>14:45-15:30<\/td>\r\n<td><strong>Nefropatia por IgA: Avalia\u00e7\u00e3o de progn\u00f3stico e Atualiza\u00e7\u00e3o terap\u00eautica<\/strong><br \/><em>PALESTRANTE: VIN\u00cdCIUS SARD\u00c3O COLARES (MG)<\/em><br \/><em>PALESTRANTE: DAVID CAMPOS WANDERLEY (MG)<\/em><\/td>\r\n<\/tr>\r\n<tr class=\"cinza\">\r\n<td>15:30-16:00<\/td>\r\n<td>Intervalo<\/td>\r\n<\/tr>\r\n<tr>\r\n<td>16:00 &#8211; 18:00<\/td>\r\n<td><strong>M\u00d3DULO 3<\/strong><\/td>\r\n<\/tr>\r\n<tr>\r\n<td>16:00-17:00<\/td>\r\n<td><strong>Nefr\u00edte L\u00fapica: Caso cl\u00ednico, import\u00e2ncia da avalia\u00e7\u00e3o morfol\u00f3gica e atualiza\u00e7\u00e3o terap\u00eautica<\/strong><br \/><em>PALESTRANTE: LECT\u00cdCIA JORGE (SP)<\/em><br \/><em>PALESTRANTE: STANLEY DE ALMEIDA ARA\u00daJO (MG)<\/em><\/td>\r\n<\/tr>\r\n<tr>\r\n<td>17:00-18:00<\/td>\r\n<td><strong>Diversas possibilidades da GESF: da imunologia a adapta\u00e7\u00e3o, uma abordagem pr\u00e1tica<\/strong><br \/><em>PALESTRANTE: VIN\u00cdCIUS SARD\u00c3O COLARES (MG)<\/em><br \/><em>PALESTRANTE: STANLEY DE ALMEIDA ARA\u00daJO (MG)<\/em><\/td>\r\n<\/tr>\r\n<\/tbody>\r\n<\/table>\r\n<\/figure>\r\n","protected":false},"excerpt":{"rendered":"<p>CURSO 2 &#8211; CURSO DE NEFROPATOLOGIA E GLOMERULOPATIAS Peroba Rosa 2 Tema 11:00 &#8211; 12:30 M\u00d3DULO 1 11:00 &#8211; 11:30 Glomerulopatia Membranosa: Caso cl\u00ednico e Diagn\u00f3sticos DiferenciasPALESTRANTE: LECT\u00cdCIA JORGE (SP) 11:30 &#8211; 12:00 Glomerulopatia membranosa: O papel da morfologia, imunohistoquimica e imunoflouresc\u00eanciaPALESTRANTE: DAVID CAMPOS WANDERLEY &#8211; Inst. de Nefropatologia (MG) 12:00 &#8211; 12:30 Glomerulopatia membranosa: [&hellip;]<\/p>\n","protected":false},"author":1,"featured_media":331,"parent":0,"menu_order":0,"comment_status":"closed","ping_status":"closed","template":"","meta":[],"yoast_head":"<!-- This site is optimized with the Yoast SEO plugin v20.7 - https:\/\/yoast.com\/wordpress\/plugins\/seo\/ -->\n<title>Curso Pr\u00e9-congresso 2 - Nefropatologia e Glomerulopatias - 15\u00ba Congresso Mineiro de Nefrologia<\/title>\n<meta name=\"robots\" content=\"index, follow, max-snippet:-1, max-image-preview:large, max-video-preview:-1\" \/>\n<link rel=\"canonical\" href=\"https:\/\/smn.org.br\/congresso\/curso-nefropatologia-glomerulopatias\/\" \/>\n<meta property=\"og:locale\" content=\"pt_BR\" \/>\n<meta property=\"og:type\" content=\"article\" \/>\n<meta property=\"og:title\" content=\"Curso Pr\u00e9-congresso 2 - Nefropatologia e Glomerulopatias - 15\u00ba Congresso Mineiro de Nefrologia\" \/>\n<meta property=\"og:description\" content=\"CURSO 2 &#8211; CURSO DE NEFROPATOLOGIA E GLOMERULOPATIAS Peroba Rosa 2 Tema 11:00 &#8211; 12:30 M\u00d3DULO 1 11:00 &#8211; 11:30 Glomerulopatia Membranosa: Caso cl\u00ednico e Diagn\u00f3sticos DiferenciasPALESTRANTE: LECT\u00cdCIA JORGE (SP) 11:30 &#8211; 12:00 Glomerulopatia membranosa: O papel da morfologia, imunohistoquimica e imunoflouresc\u00eanciaPALESTRANTE: DAVID CAMPOS WANDERLEY &#8211; Inst. de Nefropatologia (MG) 12:00 &#8211; 12:30 Glomerulopatia membranosa: [&hellip;]\" \/>\n<meta property=\"og:url\" content=\"https:\/\/smn.org.br\/congresso\/curso-nefropatologia-glomerulopatias\/\" \/>\n<meta property=\"og:site_name\" content=\"15\u00ba Congresso Mineiro de Nefrologia\" \/>\n<meta property=\"article:publisher\" content=\"https:\/\/www.facebook.com\/smn.org.br\" \/>\n<meta property=\"article:modified_time\" content=\"2023-05-22T12:44:20+00:00\" \/>\n<meta property=\"og:image\" content=\"https:\/\/smn.org.br\/congresso\/wp-content\/uploads\/2021\/06\/ouro-preto-1.jpg\" \/>\n\t<meta property=\"og:image:width\" content=\"1400\" \/>\n\t<meta property=\"og:image:height\" content=\"500\" \/>\n\t<meta property=\"og:image:type\" content=\"image\/jpeg\" \/>\n<meta name=\"twitter:card\" content=\"summary_large_image\" \/>\n<meta name=\"twitter:label1\" content=\"Est. reading time\" \/>\n\t<meta name=\"twitter:data1\" content=\"1 minuto\" \/>\n<script type=\"application\/ld+json\" class=\"yoast-schema-graph\">{\"@context\":\"https:\/\/schema.org\",\"@graph\":[{\"@type\":\"WebPage\",\"@id\":\"https:\/\/smn.org.br\/congresso\/curso-nefropatologia-glomerulopatias\/\",\"url\":\"https:\/\/smn.org.br\/congresso\/curso-nefropatologia-glomerulopatias\/\",\"name\":\"Curso Pr\u00e9-congresso 2 - Nefropatologia e Glomerulopatias - 15\u00ba Congresso Mineiro de Nefrologia\",\"isPartOf\":{\"@id\":\"https:\/\/smn.org.br\/congresso\/#website\"},\"datePublished\":\"2023-04-01T13:54:15+00:00\",\"dateModified\":\"2023-05-22T12:44:20+00:00\",\"breadcrumb\":{\"@id\":\"https:\/\/smn.org.br\/congresso\/curso-nefropatologia-glomerulopatias\/#breadcrumb\"},\"inLanguage\":\"pt-BR\",\"potentialAction\":[{\"@type\":\"ReadAction\",\"target\":[\"https:\/\/smn.org.br\/congresso\/curso-nefropatologia-glomerulopatias\/\"]}]},{\"@type\":\"BreadcrumbList\",\"@id\":\"https:\/\/smn.org.br\/congresso\/curso-nefropatologia-glomerulopatias\/#breadcrumb\",\"itemListElement\":[{\"@type\":\"ListItem\",\"position\":1,\"name\":\"Home\",\"item\":\"https:\/\/smn.org.br\/congresso\/\"},{\"@type\":\"ListItem\",\"position\":2,\"name\":\"Curso Pr\u00e9-congresso 2 &#8211; Nefropatologia e Glomerulopatias\"}]},{\"@type\":\"WebSite\",\"@id\":\"https:\/\/smn.org.br\/congresso\/#website\",\"url\":\"https:\/\/smn.org.br\/congresso\/\",\"name\":\"15\u00ba Congresso Mineiro de Nefrologia\",\"description\":\"6\u00ba Simp\u00f3sio Mineiro de Transplante Renal\",\"publisher\":{\"@id\":\"https:\/\/smn.org.br\/congresso\/#organization\"},\"potentialAction\":[{\"@type\":\"SearchAction\",\"target\":{\"@type\":\"EntryPoint\",\"urlTemplate\":\"https:\/\/smn.org.br\/congresso\/?s={search_term_string}\"},\"query-input\":\"required name=search_term_string\"}],\"inLanguage\":\"pt-BR\"},{\"@type\":\"Organization\",\"@id\":\"https:\/\/smn.org.br\/congresso\/#organization\",\"name\":\"15\u00ba Congresso Mineiro de Nefrologia\",\"url\":\"https:\/\/smn.org.br\/congresso\/\",\"logo\":{\"@type\":\"ImageObject\",\"inLanguage\":\"pt-BR\",\"@id\":\"https:\/\/smn.org.br\/congresso\/#\/schema\/logo\/image\/\",\"url\":\"https:\/\/www.smn.org.br\/congresso\/wp-content\/uploads\/2022\/12\/logo-congresso-mineiro-nefrologia-2023.png\",\"contentUrl\":\"https:\/\/www.smn.org.br\/congresso\/wp-content\/uploads\/2022\/12\/logo-congresso-mineiro-nefrologia-2023.png\",\"width\":400,\"height\":159,\"caption\":\"15\u00ba Congresso Mineiro de Nefrologia\"},\"image\":{\"@id\":\"https:\/\/smn.org.br\/congresso\/#\/schema\/logo\/image\/\"},\"sameAs\":[\"https:\/\/www.facebook.com\/smn.org.br\"]}]}<\/script>\n<!-- \/ Yoast SEO plugin. -->","yoast_head_json":{"title":"Curso Pr\u00e9-congresso 2 - Nefropatologia e Glomerulopatias - 15\u00ba Congresso Mineiro de Nefrologia","robots":{"index":"index","follow":"follow","max-snippet":"max-snippet:-1","max-image-preview":"max-image-preview:large","max-video-preview":"max-video-preview:-1"},"canonical":"https:\/\/smn.org.br\/congresso\/curso-nefropatologia-glomerulopatias\/","og_locale":"pt_BR","og_type":"article","og_title":"Curso Pr\u00e9-congresso 2 - Nefropatologia e Glomerulopatias - 15\u00ba Congresso Mineiro de Nefrologia","og_description":"CURSO 2 &#8211; CURSO DE NEFROPATOLOGIA E GLOMERULOPATIAS Peroba Rosa 2 Tema 11:00 &#8211; 12:30 M\u00d3DULO 1 11:00 &#8211; 11:30 Glomerulopatia Membranosa: Caso cl\u00ednico e Diagn\u00f3sticos DiferenciasPALESTRANTE: LECT\u00cdCIA JORGE (SP) 11:30 &#8211; 12:00 Glomerulopatia membranosa: O papel da morfologia, imunohistoquimica e imunoflouresc\u00eanciaPALESTRANTE: DAVID CAMPOS WANDERLEY &#8211; Inst. de Nefropatologia (MG) 12:00 &#8211; 12:30 Glomerulopatia membranosa: [&hellip;]","og_url":"https:\/\/smn.org.br\/congresso\/curso-nefropatologia-glomerulopatias\/","og_site_name":"15\u00ba Congresso Mineiro de Nefrologia","article_publisher":"https:\/\/www.facebook.com\/smn.org.br","article_modified_time":"2023-05-22T12:44:20+00:00","og_image":[{"width":1400,"height":500,"url":"https:\/\/smn.org.br\/congresso\/wp-content\/uploads\/2021\/06\/ouro-preto-1.jpg","type":"image\/jpeg"}],"twitter_card":"summary_large_image","twitter_misc":{"Est. reading time":"1 minuto"},"schema":{"@context":"https:\/\/schema.org","@graph":[{"@type":"WebPage","@id":"https:\/\/smn.org.br\/congresso\/curso-nefropatologia-glomerulopatias\/","url":"https:\/\/smn.org.br\/congresso\/curso-nefropatologia-glomerulopatias\/","name":"Curso Pr\u00e9-congresso 2 - Nefropatologia e Glomerulopatias - 15\u00ba Congresso Mineiro de Nefrologia","isPartOf":{"@id":"https:\/\/smn.org.br\/congresso\/#website"},"datePublished":"2023-04-01T13:54:15+00:00","dateModified":"2023-05-22T12:44:20+00:00","breadcrumb":{"@id":"https:\/\/smn.org.br\/congresso\/curso-nefropatologia-glomerulopatias\/#breadcrumb"},"inLanguage":"pt-BR","potentialAction":[{"@type":"ReadAction","target":["https:\/\/smn.org.br\/congresso\/curso-nefropatologia-glomerulopatias\/"]}]},{"@type":"BreadcrumbList","@id":"https:\/\/smn.org.br\/congresso\/curso-nefropatologia-glomerulopatias\/#breadcrumb","itemListElement":[{"@type":"ListItem","position":1,"name":"Home","item":"https:\/\/smn.org.br\/congresso\/"},{"@type":"ListItem","position":2,"name":"Curso Pr\u00e9-congresso 2 &#8211; Nefropatologia e Glomerulopatias"}]},{"@type":"WebSite","@id":"https:\/\/smn.org.br\/congresso\/#website","url":"https:\/\/smn.org.br\/congresso\/","name":"15\u00ba Congresso Mineiro de Nefrologia","description":"6\u00ba Simp\u00f3sio Mineiro de Transplante Renal","publisher":{"@id":"https:\/\/smn.org.br\/congresso\/#organization"},"potentialAction":[{"@type":"SearchAction","target":{"@type":"EntryPoint","urlTemplate":"https:\/\/smn.org.br\/congresso\/?s={search_term_string}"},"query-input":"required name=search_term_string"}],"inLanguage":"pt-BR"},{"@type":"Organization","@id":"https:\/\/smn.org.br\/congresso\/#organization","name":"15\u00ba Congresso Mineiro de Nefrologia","url":"https:\/\/smn.org.br\/congresso\/","logo":{"@type":"ImageObject","inLanguage":"pt-BR","@id":"https:\/\/smn.org.br\/congresso\/#\/schema\/logo\/image\/","url":"https:\/\/www.smn.org.br\/congresso\/wp-content\/uploads\/2022\/12\/logo-congresso-mineiro-nefrologia-2023.png","contentUrl":"https:\/\/www.smn.org.br\/congresso\/wp-content\/uploads\/2022\/12\/logo-congresso-mineiro-nefrologia-2023.png","width":400,"height":159,"caption":"15\u00ba Congresso Mineiro de Nefrologia"},"image":{"@id":"https:\/\/smn.org.br\/congresso\/#\/schema\/logo\/image\/"},"sameAs":["https:\/\/www.facebook.com\/smn.org.br"]}]}},"_links":{"self":[{"href":"https:\/\/smn.org.br\/congresso\/wp-json\/wp\/v2\/pages\/755"}],"collection":[{"href":"https:\/\/smn.org.br\/congresso\/wp-json\/wp\/v2\/pages"}],"about":[{"href":"https:\/\/smn.org.br\/congresso\/wp-json\/wp\/v2\/types\/page"}],"author":[{"embeddable":true,"href":"https:\/\/smn.org.br\/congresso\/wp-json\/wp\/v2\/users\/1"}],"replies":[{"embeddable":true,"href":"https:\/\/smn.org.br\/congresso\/wp-json\/wp\/v2\/comments?post=755"}],"version-history":[{"count":11,"href":"https:\/\/smn.org.br\/congresso\/wp-json\/wp\/v2\/pages\/755\/revisions"}],"predecessor-version":[{"id":827,"href":"https:\/\/smn.org.br\/congresso\/wp-json\/wp\/v2\/pages\/755\/revisions\/827"}],"wp:featuredmedia":[{"embeddable":true,"href":"https:\/\/smn.org.br\/congresso\/wp-json\/wp\/v2\/media\/331"}],"wp:attachment":[{"href":"https:\/\/smn.org.br\/congresso\/wp-json\/wp\/v2\/media?parent=755"}],"curies":[{"name":"wp","href":"https:\/\/api.w.org\/{rel}","templated":true}]}}