{"id":747,"date":"2023-04-01T10:48:09","date_gmt":"2023-04-01T13:48:09","guid":{"rendered":"https:\/\/www.smn.org.br\/congresso\/?page_id=747"},"modified":"2023-04-29T11:21:44","modified_gmt":"2023-04-29T14:21:44","slug":"curso-injuria-renal-aguda-e-pocus","status":"publish","type":"page","link":"https:\/\/smn.org.br\/congresso\/curso-injuria-renal-aguda-e-pocus\/","title":{"rendered":"Curso pr\u00e9-congresso 1 &#8211; Inj\u00faria Renal Aguda &#8211; Terapias Cont\u00ednuas e POCUS"},"content":{"rendered":"\r\n<figure class=\"wp-block-table\">\r\n<h2 style=\"text-align: center;\">INJ\u00daRIA RENAL AGUDA &#8211; TERAPIAS CONT\u00cdNUAS E POCUS<\/h2>\r\n<table>\r\n<thead>\r\n<tr>\r\n<th style=\"width: 15%;\">Pau-Brasil<\/th>\r\n<th>Tema<\/th>\r\n<\/tr>\r\n<\/thead>\r\n<tbody>\r\n<tr>\r\n<td>09:00-10:30<\/td>\r\n<td><strong>M\u00f3dulo 1 &#8211; Conhecendo a CRRT<\/strong><br \/>Apresenta\u00e7\u00e3o de um caso cl\u00ednico; Indica\u00e7\u00e3o da CRRT e modalidades; Prescri\u00e7\u00e3o passo a passo: dose, fluxos, montagem da solu\u00e7\u00e3o; Fra\u00e7\u00e3o de filtra\u00e7\u00e3o; Anticoagula\u00e7\u00e3o<br \/><em>PALESTRANTE: FABIANO BICHUETTE CUSTODIO (MG)<\/em><\/td>\r\n<\/tr>\r\n<tr class=\"cinza\">\r\n<td>10:30-11:00<\/td>\r\n<td>Intervalo<\/td>\r\n<\/tr>\r\n<tr>\r\n<td>11:00-12:30<\/td>\r\n<td><strong>M\u00f3dulo 2 &#8211; Aprofundando a Anticoagulacao na CRRT<\/strong><br \/>Protocolo do citrato &#8211; c\u00e1lcio; Intoxica\u00e7\u00e3o\/ac\u00famulo de citrato; Caso cl\u00ednico: CRRT em hepatopata<br \/><em>PALESTRANTE: LECT\u00cdCIA JORGE (RJ)<\/em><\/td>\r\n<\/tr>\r\n<tr class=\"cinza\">\r\n<td>12:30-14:00<\/td>\r\n<td>Intervalo<\/td>\r\n<\/tr>\r\n<tr>\r\n<td>14:00-15:30<\/td>\r\n<td><strong>M\u00f3dulo 3 &#8211; Expandindo a CRRT<\/strong><br \/>Novas terapias e suporte multi-\u00f3rg\u00e3os: Hemoadsor\u00e7\u00e3o; Remo\u00e7\u00e3o de CO2; ECMO; Plasmaferese<br \/><em>PALESTRANTE: LECT\u00cdCIA JORGE (RJ)<br \/>PALESTRANTE: FABIANO BICHUETTE CUSTODIO (MG)<br \/><\/em><\/td>\r\n<\/tr>\r\n<tr class=\"cinza\">\r\n<td>15:30-16:00<\/td>\r\n<td>Intervalo<\/td>\r\n<\/tr>\r\n<tr>\r\n<td>16:00-17:30<\/td>\r\n<td><strong>M\u00f3dulo 4<\/strong><br \/>Avalia\u00e7\u00e3o de volemia: us pulmonar; Demonstra\u00e7\u00e3o pr\u00e1tica Vexus e us pulmonar Demonstra\u00e7\u00e3o pr\u00e1tica<br \/><em>PALESTRANTE: ANA LUISA SILVEIRA VIEIRA (MG)<br \/>PALESTRANTE: JOS\u00c9 MUNIZ PAZELI J\u00daNIOR (MG)<br \/><\/em><\/td>\r\n<\/tr>\r\n<tr class=\"cinza\">\r\n<td>17:30-18:00<\/td>\r\n<td>Encerramento<\/td>\r\n<\/tr>\r\n<\/tbody>\r\n<\/table>\r\n<\/figure>","protected":false},"excerpt":{"rendered":"<p>INJ\u00daRIA RENAL AGUDA &#8211; TERAPIAS CONT\u00cdNUAS E POCUS Pau-Brasil Tema 09:00-10:30 M\u00f3dulo 1 &#8211; Conhecendo a CRRTApresenta\u00e7\u00e3o de um caso cl\u00ednico; Indica\u00e7\u00e3o da CRRT e modalidades; Prescri\u00e7\u00e3o passo a passo: dose, fluxos, montagem da solu\u00e7\u00e3o; Fra\u00e7\u00e3o de filtra\u00e7\u00e3o; Anticoagula\u00e7\u00e3oPALESTRANTE: FABIANO BICHUETTE CUSTODIO (MG) 10:30-11:00 Intervalo 11:00-12:30 M\u00f3dulo 2 &#8211; Aprofundando a Anticoagulacao na CRRTProtocolo do [&hellip;]<\/p>\n","protected":false},"author":1,"featured_media":394,"parent":0,"menu_order":0,"comment_status":"closed","ping_status":"closed","template":"","meta":[],"yoast_head":"<!-- This site is optimized with the Yoast SEO plugin v20.7 - https:\/\/yoast.com\/wordpress\/plugins\/seo\/ -->\n<title>Curso pr\u00e9-congresso 1 - Inj\u00faria Renal Aguda - Terapias Cont\u00ednuas e POCUS - 15\u00ba Congresso Mineiro de Nefrologia<\/title>\n<meta name=\"robots\" content=\"index, follow, max-snippet:-1, max-image-preview:large, max-video-preview:-1\" \/>\n<link rel=\"canonical\" href=\"https:\/\/smn.org.br\/congresso\/curso-injuria-renal-aguda-e-pocus\/\" \/>\n<meta property=\"og:locale\" content=\"pt_BR\" \/>\n<meta property=\"og:type\" content=\"article\" \/>\n<meta property=\"og:title\" content=\"Curso pr\u00e9-congresso 1 - Inj\u00faria Renal Aguda - Terapias Cont\u00ednuas e POCUS - 15\u00ba Congresso Mineiro de Nefrologia\" \/>\n<meta property=\"og:description\" content=\"INJ\u00daRIA RENAL AGUDA &#8211; TERAPIAS CONT\u00cdNUAS E POCUS Pau-Brasil Tema 09:00-10:30 M\u00f3dulo 1 &#8211; Conhecendo a CRRTApresenta\u00e7\u00e3o de um caso cl\u00ednico; Indica\u00e7\u00e3o da CRRT e modalidades; Prescri\u00e7\u00e3o passo a passo: dose, fluxos, montagem da solu\u00e7\u00e3o; Fra\u00e7\u00e3o de filtra\u00e7\u00e3o; Anticoagula\u00e7\u00e3oPALESTRANTE: FABIANO BICHUETTE CUSTODIO (MG) 10:30-11:00 Intervalo 11:00-12:30 M\u00f3dulo 2 &#8211; Aprofundando a Anticoagulacao na CRRTProtocolo do [&hellip;]\" \/>\n<meta property=\"og:url\" content=\"https:\/\/smn.org.br\/congresso\/curso-injuria-renal-aguda-e-pocus\/\" \/>\n<meta property=\"og:site_name\" content=\"15\u00ba Congresso Mineiro de Nefrologia\" \/>\n<meta property=\"article:publisher\" content=\"https:\/\/www.facebook.com\/smn.org.br\" \/>\n<meta property=\"article:modified_time\" content=\"2023-04-29T14:21:44+00:00\" \/>\n<meta property=\"og:image\" content=\"https:\/\/smn.org.br\/congresso\/wp-content\/uploads\/2021\/06\/congonhas-2.jpg\" \/>\n\t<meta property=\"og:image:width\" content=\"1400\" \/>\n\t<meta property=\"og:image:height\" content=\"500\" \/>\n\t<meta property=\"og:image:type\" content=\"image\/jpeg\" \/>\n<meta name=\"twitter:card\" content=\"summary_large_image\" \/>\n<meta name=\"twitter:label1\" content=\"Est. reading time\" \/>\n\t<meta name=\"twitter:data1\" content=\"1 minuto\" \/>\n<script type=\"application\/ld+json\" class=\"yoast-schema-graph\">{\"@context\":\"https:\/\/schema.org\",\"@graph\":[{\"@type\":\"WebPage\",\"@id\":\"https:\/\/smn.org.br\/congresso\/curso-injuria-renal-aguda-e-pocus\/\",\"url\":\"https:\/\/smn.org.br\/congresso\/curso-injuria-renal-aguda-e-pocus\/\",\"name\":\"Curso pr\u00e9-congresso 1 - Inj\u00faria Renal Aguda - Terapias Cont\u00ednuas e POCUS - 15\u00ba Congresso Mineiro de Nefrologia\",\"isPartOf\":{\"@id\":\"https:\/\/smn.org.br\/congresso\/#website\"},\"datePublished\":\"2023-04-01T13:48:09+00:00\",\"dateModified\":\"2023-04-29T14:21:44+00:00\",\"breadcrumb\":{\"@id\":\"https:\/\/smn.org.br\/congresso\/curso-injuria-renal-aguda-e-pocus\/#breadcrumb\"},\"inLanguage\":\"pt-BR\",\"potentialAction\":[{\"@type\":\"ReadAction\",\"target\":[\"https:\/\/smn.org.br\/congresso\/curso-injuria-renal-aguda-e-pocus\/\"]}]},{\"@type\":\"BreadcrumbList\",\"@id\":\"https:\/\/smn.org.br\/congresso\/curso-injuria-renal-aguda-e-pocus\/#breadcrumb\",\"itemListElement\":[{\"@type\":\"ListItem\",\"position\":1,\"name\":\"Home\",\"item\":\"https:\/\/smn.org.br\/congresso\/\"},{\"@type\":\"ListItem\",\"position\":2,\"name\":\"Curso pr\u00e9-congresso 1 &#8211; Inj\u00faria Renal Aguda &#8211; Terapias Cont\u00ednuas e POCUS\"}]},{\"@type\":\"WebSite\",\"@id\":\"https:\/\/smn.org.br\/congresso\/#website\",\"url\":\"https:\/\/smn.org.br\/congresso\/\",\"name\":\"15\u00ba Congresso Mineiro de Nefrologia\",\"description\":\"6\u00ba Simp\u00f3sio Mineiro de Transplante Renal\",\"publisher\":{\"@id\":\"https:\/\/smn.org.br\/congresso\/#organization\"},\"potentialAction\":[{\"@type\":\"SearchAction\",\"target\":{\"@type\":\"EntryPoint\",\"urlTemplate\":\"https:\/\/smn.org.br\/congresso\/?s={search_term_string}\"},\"query-input\":\"required name=search_term_string\"}],\"inLanguage\":\"pt-BR\"},{\"@type\":\"Organization\",\"@id\":\"https:\/\/smn.org.br\/congresso\/#organization\",\"name\":\"15\u00ba Congresso Mineiro de Nefrologia\",\"url\":\"https:\/\/smn.org.br\/congresso\/\",\"logo\":{\"@type\":\"ImageObject\",\"inLanguage\":\"pt-BR\",\"@id\":\"https:\/\/smn.org.br\/congresso\/#\/schema\/logo\/image\/\",\"url\":\"https:\/\/www.smn.org.br\/congresso\/wp-content\/uploads\/2022\/12\/logo-congresso-mineiro-nefrologia-2023.png\",\"contentUrl\":\"https:\/\/www.smn.org.br\/congresso\/wp-content\/uploads\/2022\/12\/logo-congresso-mineiro-nefrologia-2023.png\",\"width\":400,\"height\":159,\"caption\":\"15\u00ba Congresso Mineiro de Nefrologia\"},\"image\":{\"@id\":\"https:\/\/smn.org.br\/congresso\/#\/schema\/logo\/image\/\"},\"sameAs\":[\"https:\/\/www.facebook.com\/smn.org.br\"]}]}<\/script>\n<!-- \/ Yoast SEO plugin. -->","yoast_head_json":{"title":"Curso pr\u00e9-congresso 1 - Inj\u00faria Renal Aguda - Terapias Cont\u00ednuas e POCUS - 15\u00ba Congresso Mineiro de Nefrologia","robots":{"index":"index","follow":"follow","max-snippet":"max-snippet:-1","max-image-preview":"max-image-preview:large","max-video-preview":"max-video-preview:-1"},"canonical":"https:\/\/smn.org.br\/congresso\/curso-injuria-renal-aguda-e-pocus\/","og_locale":"pt_BR","og_type":"article","og_title":"Curso pr\u00e9-congresso 1 - Inj\u00faria Renal Aguda - Terapias Cont\u00ednuas e POCUS - 15\u00ba Congresso Mineiro de Nefrologia","og_description":"INJ\u00daRIA RENAL AGUDA &#8211; TERAPIAS CONT\u00cdNUAS E POCUS Pau-Brasil Tema 09:00-10:30 M\u00f3dulo 1 &#8211; Conhecendo a CRRTApresenta\u00e7\u00e3o de um caso cl\u00ednico; Indica\u00e7\u00e3o da CRRT e modalidades; Prescri\u00e7\u00e3o passo a passo: dose, fluxos, montagem da solu\u00e7\u00e3o; Fra\u00e7\u00e3o de filtra\u00e7\u00e3o; Anticoagula\u00e7\u00e3oPALESTRANTE: FABIANO BICHUETTE CUSTODIO (MG) 10:30-11:00 Intervalo 11:00-12:30 M\u00f3dulo 2 &#8211; Aprofundando a Anticoagulacao na CRRTProtocolo do [&hellip;]","og_url":"https:\/\/smn.org.br\/congresso\/curso-injuria-renal-aguda-e-pocus\/","og_site_name":"15\u00ba Congresso Mineiro de Nefrologia","article_publisher":"https:\/\/www.facebook.com\/smn.org.br","article_modified_time":"2023-04-29T14:21:44+00:00","og_image":[{"width":1400,"height":500,"url":"https:\/\/smn.org.br\/congresso\/wp-content\/uploads\/2021\/06\/congonhas-2.jpg","type":"image\/jpeg"}],"twitter_card":"summary_large_image","twitter_misc":{"Est. reading time":"1 minuto"},"schema":{"@context":"https:\/\/schema.org","@graph":[{"@type":"WebPage","@id":"https:\/\/smn.org.br\/congresso\/curso-injuria-renal-aguda-e-pocus\/","url":"https:\/\/smn.org.br\/congresso\/curso-injuria-renal-aguda-e-pocus\/","name":"Curso pr\u00e9-congresso 1 - Inj\u00faria Renal Aguda - Terapias Cont\u00ednuas e POCUS - 15\u00ba Congresso Mineiro de Nefrologia","isPartOf":{"@id":"https:\/\/smn.org.br\/congresso\/#website"},"datePublished":"2023-04-01T13:48:09+00:00","dateModified":"2023-04-29T14:21:44+00:00","breadcrumb":{"@id":"https:\/\/smn.org.br\/congresso\/curso-injuria-renal-aguda-e-pocus\/#breadcrumb"},"inLanguage":"pt-BR","potentialAction":[{"@type":"ReadAction","target":["https:\/\/smn.org.br\/congresso\/curso-injuria-renal-aguda-e-pocus\/"]}]},{"@type":"BreadcrumbList","@id":"https:\/\/smn.org.br\/congresso\/curso-injuria-renal-aguda-e-pocus\/#breadcrumb","itemListElement":[{"@type":"ListItem","position":1,"name":"Home","item":"https:\/\/smn.org.br\/congresso\/"},{"@type":"ListItem","position":2,"name":"Curso pr\u00e9-congresso 1 &#8211; Inj\u00faria Renal Aguda &#8211; Terapias Cont\u00ednuas e POCUS"}]},{"@type":"WebSite","@id":"https:\/\/smn.org.br\/congresso\/#website","url":"https:\/\/smn.org.br\/congresso\/","name":"15\u00ba Congresso Mineiro de Nefrologia","description":"6\u00ba Simp\u00f3sio Mineiro de Transplante Renal","publisher":{"@id":"https:\/\/smn.org.br\/congresso\/#organization"},"potentialAction":[{"@type":"SearchAction","target":{"@type":"EntryPoint","urlTemplate":"https:\/\/smn.org.br\/congresso\/?s={search_term_string}"},"query-input":"required name=search_term_string"}],"inLanguage":"pt-BR"},{"@type":"Organization","@id":"https:\/\/smn.org.br\/congresso\/#organization","name":"15\u00ba Congresso Mineiro de Nefrologia","url":"https:\/\/smn.org.br\/congresso\/","logo":{"@type":"ImageObject","inLanguage":"pt-BR","@id":"https:\/\/smn.org.br\/congresso\/#\/schema\/logo\/image\/","url":"https:\/\/www.smn.org.br\/congresso\/wp-content\/uploads\/2022\/12\/logo-congresso-mineiro-nefrologia-2023.png","contentUrl":"https:\/\/www.smn.org.br\/congresso\/wp-content\/uploads\/2022\/12\/logo-congresso-mineiro-nefrologia-2023.png","width":400,"height":159,"caption":"15\u00ba Congresso Mineiro de Nefrologia"},"image":{"@id":"https:\/\/smn.org.br\/congresso\/#\/schema\/logo\/image\/"},"sameAs":["https:\/\/www.facebook.com\/smn.org.br"]}]}},"_links":{"self":[{"href":"https:\/\/smn.org.br\/congresso\/wp-json\/wp\/v2\/pages\/747"}],"collection":[{"href":"https:\/\/smn.org.br\/congresso\/wp-json\/wp\/v2\/pages"}],"about":[{"href":"https:\/\/smn.org.br\/congresso\/wp-json\/wp\/v2\/types\/page"}],"author":[{"embeddable":true,"href":"https:\/\/smn.org.br\/congresso\/wp-json\/wp\/v2\/users\/1"}],"replies":[{"embeddable":true,"href":"https:\/\/smn.org.br\/congresso\/wp-json\/wp\/v2\/comments?post=747"}],"version-history":[{"count":10,"href":"https:\/\/smn.org.br\/congresso\/wp-json\/wp\/v2\/pages\/747\/revisions"}],"predecessor-version":[{"id":791,"href":"https:\/\/smn.org.br\/congresso\/wp-json\/wp\/v2\/pages\/747\/revisions\/791"}],"wp:featuredmedia":[{"embeddable":true,"href":"https:\/\/smn.org.br\/congresso\/wp-json\/wp\/v2\/media\/394"}],"wp:attachment":[{"href":"https:\/\/smn.org.br\/congresso\/wp-json\/wp\/v2\/media?parent=747"}],"curies":[{"name":"wp","href":"https:\/\/api.w.org\/{rel}","templated":true}]}}