{"id":675,"date":"2022-12-13T20:16:55","date_gmt":"2022-12-13T23:16:55","guid":{"rendered":"https:\/\/www.smn.org.br\/congresso\/?page_id=675"},"modified":"2023-03-31T12:24:55","modified_gmt":"2023-03-31T15:24:55","slug":"trabalhos-cientificos","status":"publish","type":"page","link":"https:\/\/smn.org.br\/congresso\/trabalhos-cientificos\/","title":{"rendered":"Trabalhos Cient\u00edficos"},"content":{"rendered":"<figure class=\"wp-block-table\">\n<table>\n<thead>\n<tr>\n<th colspan=\"2\">TRABALHOS TECNICO-CIENT\u00cdFICOS<\/th>\n<\/tr>\n<\/thead>\n<tbody>\n<tr>\n<th>Data limite para envio<\/th>\n<td>10 de abril de 2023<\/td>\n<\/tr>\n<tr>\n<th>Submiss\u00e3o de Trabalhos<\/th>\n<td>www.smn.org.br\/congresso<\/td>\n<\/tr>\n<tr>\n<th>Divulga\u00e7\u00e3o do resultado dos trabalhos<\/th>\n<td>27 de abril de 2023<\/td>\n<\/tr>\n<\/tbody>\n<\/table>\n<\/figure>\n<p><em>Os trabalhos aprovados e apresentados no 15\u00ba Congresso Mineiro de Nefrologia ser\u00e3o publicados no\u00a0Brazilian Journal of Nephrology (Jornal Brasileiro de Nefrologia).<\/em><\/p>\n<h2>NATUREZA DOS TRABALHOS<\/h2>\n<p><span style=\"font-weight: 400;\">Os trabalhos dever\u00e3o representar uma contribui\u00e7\u00e3o ao desenvolvimento da Nefrologia. N\u00e3o ser\u00e3o aceitas as revis\u00f5es de literatura, transcri\u00e7\u00f5es ou tradu\u00e7\u00f5es, assim como ser\u00e3o recusadas reprodu\u00e7\u00f5es ou adapta\u00e7\u00f5es de outros trabalhos apresentados em congressos anteriores e trabalhos que traduzam promo\u00e7\u00e3o comercial de determinada marca ou empresa.<\/span><\/p>\n<p><span style=\"font-weight: 400;\">Somente ser\u00e3o selecionados trabalhos que versem sobre temas vinculados \u00e0 \u00e1rea de pesquisa e desenvolvimento cient\u00edfico da Nefrologia e ser\u00e3o apresentados apenas no idioma portugu\u00eas.<\/span><\/p>\n<h2>HABILITA\u00c7\u00c3O DOS PROPONENTES<\/h2>\n<p><span style=\"font-weight: 400;\">Em hip\u00f3tese alguma ser\u00e1 admitido trabalho sem que, pelo menos, um dos autores tenha formalizado a inscri\u00e7\u00e3o no congresso. O mesmo direito se estende aos convidados especiais e membros honor\u00e1rios, sendo, todavia, vedada a apresenta\u00e7\u00e3o do trabalho no congresso por terceiros.<\/span><\/p>\n<h2>ENVIO DOS RESUMOS DOS TRABALHOS E ESTRUTURA\u00c7\u00c3O<\/h2>\n<p><span style=\"font-weight: 400;\">O resumo do trabalho ser\u00e1 enviado em um \u00fanico arquivo sem nenhuma identifica\u00e7\u00e3o de autoria e exclusivamente atrav\u00e9s do local apropriado na p\u00e1gina oficial do evento. N\u00e3o ser\u00e1 aceito arquivo anexado. Ser\u00e1 desconsiderado o resumo que contiver identifica\u00e7\u00e3o de autoria. A institui\u00e7\u00e3o ou institui\u00e7\u00f5es onde o trabalho foi realizado, assim como os nomes dos autores, N\u00c3O devem ser mencionadas no corpo do texto.<\/span><\/p>\n<p><span style=\"font-weight: 400;\">A identifica\u00e7\u00e3o do autor ou autores ser\u00e1 feita apenas na pr\u00f3pria p\u00e1gina da internet no momento do envio do resumo e conforme as instru\u00e7\u00f5es contidas no s\u00edtio. Ser\u00e3o aceitos at\u00e9 02 trabalhos por inscrito\/CPF. N\u00e3o haver\u00e1 limite de autores por resumo nos trabalhos originais. Trabalhos da modalidade Relato de Caso poder\u00e3o ter no m\u00e1ximo 08 autores.<\/span><\/p>\n<p><span style=\"font-weight: 400;\">O pr\u00f3prio autor poder\u00e1 indicar a forma preferencial de apresenta\u00e7\u00e3o no oral (sess\u00e3o tema livre) ou p\u00f4ster. Ficar\u00e1 a crit\u00e9rio da Comiss\u00e3o Cient\u00edfica a defini\u00e7\u00e3o do tipo de apresenta\u00e7\u00e3o. O autor tamb\u00e9m dever\u00e1 escolher o tema do resumo submetido:\u00a0<\/span><\/p>\n<ul>\n<li><span style=\"font-weight: 400;\">COVID-19<\/span><\/li>\n<li><span style=\"font-weight: 400;\">Di\u00e1lise\u00a0<\/span><\/li>\n<li><span style=\"font-weight: 400;\">Dist\u00farbios Hidroeletrol\u00edtico<\/span><\/li>\n<li><span style=\"font-weight: 400;\">Doen\u00e7a Mineral e \u00d3ssea<\/span><\/li>\n<li><span style=\"font-weight: 400;\">Doen\u00e7a Renal Cr\u00f4nica<\/span><\/li>\n<li><span style=\"font-weight: 400;\">Doen\u00e7as Glomerulares<\/span><\/li>\n<li><span style=\"font-weight: 400;\">Fisiologia e Nefrologia Experimental<\/span><\/li>\n<li><span style=\"font-weight: 400;\">Hipertens\u00e3o Arterial<\/span><\/li>\n<li><span style=\"font-weight: 400;\">Inj\u00faria Renal Aguda<\/span><\/li>\n<li><span style=\"font-weight: 400;\">Ligas Acad\u00eamicas<\/span><\/li>\n<li><span style=\"font-weight: 400;\">Multidisciplinar<\/span><\/li>\n<li><span style=\"font-weight: 400;\">Nefrolit\u00edase<\/span><\/li>\n<li><span style=\"font-weight: 400;\">Nefrologia Cl\u00ednica<\/span><\/li>\n<li><span style=\"font-weight: 400;\">Nefrologia Pedi\u00e1trica<\/span><\/li>\n<li><span style=\"font-weight: 400;\">Transplante renal<\/span><\/li>\n<\/ul>\n<p><span style=\"font-weight: 400;\">O trabalho ser\u00e1 endere\u00e7ado para uma \u00e1rea restrita da p\u00e1gina oficial do evento, de acesso exclusivo da Comiss\u00e3o T\u00e9cnica, na figura dos Coordenadores T\u00e9cnicos<\/span><b>.<\/b><\/p>\n<p><span style=\"font-weight: 400;\">Os resumos dos trabalhos dever\u00e3o conter TODOS os itens a seguir apresentados, sem exce\u00e7\u00e3o:<\/span><\/p>\n<ul>\n<li aria-level=\"1\"><b>T\u00edtulo:<\/b><span style=\"font-weight: 400;\"> at\u00e9 150 caracteres\u00a0<\/span><\/li>\n<\/ul>\n<ul>\n<li aria-level=\"1\"><b>Introdu\u00e7\u00e3o, objetivo, metodologia, resultados e conclus\u00e3o:<\/b><span style=\"font-weight: 400;\"> at\u00e9 1500 caracteres.<\/span> <span style=\"font-weight: 400;\">Os resumos de relatos de caso dever\u00e3o conter: <\/span><b>Objetivo, relato do caso e conclus\u00e3o<\/b><span style=\"font-weight: 400;\">.<\/span><\/li>\n<\/ul>\n<p><span style=\"font-weight: 400;\">Resumos que n\u00e3o atenderem \u00e0s normas de formata\u00e7\u00e3o e limite de caracteres ser\u00e3o, sumariamente, eliminados.<\/span><\/p>\n<table>\n<tbody>\n<tr>\n<td><b>INSTRU\u00c7\u00d5ES PARA A PREPARA\u00c7\u00c3O E SUBMISS\u00c3O DE RESUMOS DE TRABALHOS PARA APRESENTA\u00c7\u00c3O NO 15\u00ba CONGRESSO MINEIRO DE NEFROLOGIA E 6\u00ba SIMP\u00d3SIO MINEIRO DE TRANSPLANTE RENAL<\/b>&nbsp;<\/p>\n<p><b>Resumo.<\/b><span style=\"font-weight: 400;\"> Este documento apresenta instru\u00e7\u00f5es para a prepara\u00e7\u00e3o de resumo de trabalho para o 15\u00ba Congresso Mineiro de Nefrologia e 6\u00ba Simp\u00f3sio Mineiro de Transplante Renal. O texto deste arquivo j\u00e1 est\u00e1 formatado segundo as normas do evento, \u00e9 s\u00f3 digitar o resumo do seu trabalho. Por favor, lembre-se das seguintes diretrizes: a) neste campo, prepare um resumo at\u00e9 1.500 caracteres; b) digite o corpo de todo o trabalho em uma \u00fanica coluna; c) configura\u00e7\u00e3o da p\u00e1gina em formato A4 (21 x 29,7 cm), margem superior de 3,5cm e demais margens de 2,5cm (n\u00e3o inclua molduras ou n\u00fameros de p\u00e1gina); d) sempre use espa\u00e7amento simples e alinhamento justificado; e) n\u00e3o dever\u00e3o ser inclu\u00eddas refer\u00eancias bibliogr\u00e1ficas, tabelas, figuras ou fotografias. Sugere-se que os autores se abstenham do uso de abreviaturas; f) todos os s\u00edmbolos devem ser definidos, conforme apare\u00e7am no texto; g) recomenda-se a utiliza\u00e7\u00e3o do Sistema Internacional de unidades (SI); o trabalho n\u00e3o pode conter nomes comerciais de produtos ou tamb\u00e9m propaganda comercial; h) deve ser estruturado (dividido em t\u00f3picos) em introdu\u00e7\u00e3o, objetivo, metodologia, resultados e conclus\u00e3o, exceto o relato de caso que deve conter os seguintes t\u00f3picos: objetivo, relato do caso e conclus\u00e3o.<\/span><\/p>\n<p><b>Palavras-chave: <\/b><span style=\"font-weight: 400;\">Primeira palavra, Segunda palavra, Terceira palavra (m\u00e1ximo de 5)<\/span><i><span style=\"font-weight: 400;\">\u00a0<\/span><\/i><\/td>\n<\/tr>\n<\/tbody>\n<\/table>\n<p><b>Salientamos que as informa\u00e7\u00f5es fornecidas s\u00e3o de inteira responsabilidade do autor que submete o resumo. Nomes grafados de maneira incompleta (por abreviatura ou omiss\u00e3o de um ou mais sobrenomes) n\u00e3o ser\u00e3o alterados e constar\u00e3o no programa oficial e certificado digital da maneira como informado pelo autor principal no momento da inscri\u00e7\u00e3o.<\/b><\/p>\n<h2>DA REMESSA DOS TRABALHOS E PRAZO<\/h2>\n<p><span style=\"font-weight: 400;\">Os trabalhos poder\u00e3o ser enviados <\/span><b>a partir de 30 de janeiro de 2023<\/b><span style=\"font-weight: 400;\">, sendo prazo m\u00e1ximo para recebimento dos mesmos no dia 10<\/span><b>\u00a0de abril de 2023.<\/b><\/p>\n<p><span style=\"font-weight: 400;\">No dia <\/span><b>27 de abril de 2023<\/b><span style=\"font-weight: 400;\">, ser\u00e3o divulgados por e-mail para o autor respons\u00e1vel pelo trabalho o resultado oficial com a forma de apresenta\u00e7\u00e3o do mesmo no Congresso.<\/span><\/p>\n<h2>PROCEDIMENTOS DE JULGAMENTO DOS TRABALHOS T\u00c9CNICOS<\/h2>\n<p><span style=\"font-weight: 400;\">A Comiss\u00e3o Cient\u00edfica, na figura dos Coordenadores T\u00e9cnicos, exercendo a fun\u00e7\u00e3o de distribuidor, acessar\u00e1 p\u00e1gina restrita da internet, com abertura protegida por senha de seu exclusivo conhecimento, para distribui\u00e7\u00e3o dos trabalhos recebidos aos julgadores.<\/span><\/p>\n<p><span style=\"font-weight: 400;\">Esta p\u00e1gina conter\u00e1, para cada trabalho, o seu c\u00f3digo espec\u00edfico, \u00e1rea e classifica\u00e7\u00e3o e mais nenhum dado que possibilite a identifica\u00e7\u00e3o do trabalho ou do seu autor ou autores.<\/span><\/p>\n<p><span style=\"font-weight: 400;\">Cada trabalho ser\u00e1 distribu\u00eddo aos julgadores, conforme procedimento interno da Comiss\u00e3o T\u00e9cnica, sem que haja possibilidade de troca de informa\u00e7\u00f5es entre os mesmos.<\/span><\/p>\n<p><span style=\"font-weight: 400;\">O resumo do trabalho dever\u00e1 receber notas de 01 (hum) a 10 (dez) para cada um dos atributos definidos neste regulamento, as quais formar\u00e3o a sua nota m\u00e9dia.<\/span><\/p>\n<p><span style=\"font-weight: 400;\">Os crit\u00e9rios de julgamento dos trabalhos s\u00e3o:<\/span><\/p>\n<ol>\n<li style=\"font-weight: 400;\" aria-level=\"1\"><span style=\"font-weight: 400;\">Originalidade<\/span><\/li>\n<li style=\"font-weight: 400;\" aria-level=\"1\"><span style=\"font-weight: 400;\">Inova\u00e7\u00e3o\u00a0<\/span><\/li>\n<li style=\"font-weight: 400;\" aria-level=\"1\"><span style=\"font-weight: 400;\">Conte\u00fado t\u00e9cnico\u00a0<\/span><\/li>\n<li style=\"font-weight: 400;\" aria-level=\"1\"><span style=\"font-weight: 400;\">Relev\u00e2ncia do tema\u00a0<\/span><\/li>\n<li style=\"font-weight: 400;\" aria-level=\"1\"><span style=\"font-weight: 400;\">Qualidade\u00a0<\/span><\/li>\n<li style=\"font-weight: 400;\" aria-level=\"1\"><span style=\"font-weight: 400;\">Conhecimento cient\u00edfico gerado<\/span><\/li>\n<\/ol>\n<p><span style=\"font-weight: 400;\">Na avalia\u00e7\u00e3o, a Comiss\u00e3o Cient\u00edfica levar\u00e1 em considera\u00e7\u00e3o: a originalidade, a relev\u00e2ncia do tema, a qualidade da documenta\u00e7\u00e3o e metodologia cient\u00edfica utilizada, e o conhecimento cient\u00edfico gerado pelo caso.<\/span><\/p>\n<h2>DA APRESENTA\u00c7\u00c3O DOS TRABALHOS<\/h2>\n<p><span style=\"font-weight: 400;\">Tendo o trabalho sido selecionado, o mesmo dever\u00e1 ser apresentado por pelo menos um dos autores<\/span><b> (com inscri\u00e7\u00e3o paga)<\/b><span style=\"font-weight: 400;\">, a fim de se submeter \u00e0 premia\u00e7\u00e3o.<\/span><\/p>\n<p><span style=\"font-weight: 400;\">O apresentador do trabalho selecionado dever\u00e1 fazer <\/span><span style=\"font-weight: 400;\">apresenta\u00e7\u00e3o oral\u00a0 ou p\u00f4ster<\/span><span style=\"font-weight: 400;\">, em hor\u00e1rios pr\u00e9-determinados durante o Congresso. A ordem de apresenta\u00e7\u00e3o ser\u00e1 divulgada posteriormente pela Comiss\u00e3o Organizadora.<\/span><\/p>\n<p><span style=\"font-weight: 400;\">O autor apresentador dever\u00e1 estar inscrito no Congresso para apresenta\u00e7\u00e3o do trabalho. Caso n\u00e3o possa apresentar, um dos coautores dever\u00e1 efetuar sua inscri\u00e7\u00e3o. N\u00e3o ser\u00e1 reembolsada a inscri\u00e7\u00e3o do autor (primeiro autor) do trabalho cient\u00edfico.<\/span><\/p>\n<h2>NORMAS PARA APRESENTA\u00c7\u00c3O DE TEMAS LIVRES<\/h2>\n<p><span style=\"font-weight: 400;\">A apresenta\u00e7\u00e3o dever\u00e1 ser realizada com proje\u00e7\u00e3o utilizando o <\/span><i><span style=\"font-weight: 400;\">software Power Point<\/span><\/i><span style=\"font-weight: 400;\">. Ser\u00e1 permitida a inser\u00e7\u00e3o da logomarca da institui\u00e7\u00e3o. Os detalhes sobre a apresenta\u00e7\u00e3o ser\u00e3o informados posteriormente.\u00a0<\/span><\/p>\n<p><span style=\"font-weight: 400;\">Cabendo a cada apresentador 08 minutos para exposi\u00e7\u00e3o e 02 minutos, ao final da apresenta\u00e7\u00e3o, abertos para perguntas e debates. O apresentador dever\u00e1 estar dispon\u00edvel para discuss\u00e3o ao vivo no dia da apresenta\u00e7\u00e3o.<\/span><\/p>\n<h2>NORMAS PARA APRESENTA\u00c7\u00c3O DE P\u00d4STERES<\/h2>\n<p><span style=\"font-weight: 400;\">O autor respons\u00e1vel pelo trabalho selecionado para apresenta\u00e7\u00e3o em poster receber\u00e1 as orienta\u00e7\u00f5es de preparo na ocasi\u00e3o do resultado.\u00a0<\/span><\/p>\n<h2>DA PREMIA\u00c7\u00c3O<\/h2>\n<p><span style=\"font-weight: 400;\">No encerramento do 15\u00ba Congresso Mineiro de Nefrologia e 6\u00ba Simp\u00f3sio Mineiro de Transplante Renal ser\u00e3o anunciados os 03 melhores trabalhos apresentados como tema livre e p\u00f4ster. Os trabalhos premiados receber\u00e3o certificado virtual especial.<\/span><\/p>\n<h2>DA RETIRADA DE TRABALHOS<\/h2>\n<p><span style=\"font-weight: 400;\">A Comiss\u00e3o Organizadora, ouvida a Comiss\u00e3o T\u00e9cnica, poder\u00e1 retirar do evento qualquer trabalho que venha a conturbar o bom andamento do 15\u00ba Congresso Mineiro de Nefrologia e 6\u00ba Simp\u00f3sio Mineiro de Transplante Renal.<\/span><\/p>\n<h2>DOS DIREITOS DE REPRODU\u00c7\u00c3O<\/h2>\n<p><span style=\"font-weight: 400;\">Ao enviarem seus trabalhos ao 15\u00ba Congresso Mineiro de Nefrologia e 6\u00ba Simp\u00f3sio Mineiro de Transplante Renal, os respectivos autores estar\u00e3o concedendo \u00e0 Sociedade Mineira de Nefrologia, automaticamente, os direitos de reprodu\u00e7\u00e3o dos mesmos, independentemente da ado\u00e7\u00e3o de qualquer formalidade. A referida concess\u00e3o isentar\u00e1 de qualquer remunera\u00e7\u00e3o ou indeniza\u00e7\u00e3o conferida ao(s) autor(es) e ser\u00e1 v\u00e1lida para qualquer publica\u00e7\u00e3o vinculada \u00e0 associa\u00e7\u00e3o, impressa ou eletr\u00f4nica, durante ou ap\u00f3s o congresso, sendo sempre obrigat\u00f3ria a divulga\u00e7\u00e3o do(s) nome(s) do(s) autor(es).<\/span><\/p>\n<p>Os trabalhos aprovados e apresentados no 15\u00ba Congresso Mineiro de Nefrologia ser\u00e3o publicados no\u00a0Brazilian Journal of Nephrology (Jornal Brasileiro de Nefrologia).<\/p>\n<h2>CERTIFICADOS<\/h2>\n<p><span style=\"font-weight: 400;\">Ap\u00f3s o t\u00e9rmino do Congresso ser\u00e1 conferido certificado digital do trabalho aprovado aos autores. Os certificados de trabalhos ser\u00e3o disponibilizados seguindo a ordem de cadastro dos autores no sistema. <\/span><b>N\u00e3o ser\u00e1 poss\u00edvel alterar nomes de autores ap\u00f3s a realiza\u00e7\u00e3o do evento.<\/b><\/p>\n<p><b>IMPORTANTE:<\/b><span style=\"font-weight: 400;\"> OS CERTIFICADOS N\u00c3O SER\u00c3O ENVIADOS PARA O E-MAIL DO CONGRESSISTA.<\/span><\/p>\n","protected":false},"excerpt":{"rendered":"<p>TRABALHOS TECNICO-CIENT\u00cdFICOS Data limite para envio 10 de abril de 2023 Submiss\u00e3o de Trabalhos www.smn.org.br\/congresso Divulga\u00e7\u00e3o do resultado dos trabalhos 27 de abril de 2023 Os trabalhos aprovados e apresentados no 15\u00ba Congresso Mineiro de Nefrologia ser\u00e3o publicados no\u00a0Brazilian Journal of Nephrology (Jornal Brasileiro de Nefrologia). NATUREZA DOS TRABALHOS Os trabalhos dever\u00e3o representar uma contribui\u00e7\u00e3o [&hellip;]<\/p>\n","protected":false},"author":1,"featured_media":656,"parent":0,"menu_order":0,"comment_status":"closed","ping_status":"closed","template":"","meta":[],"yoast_head":"<!-- This site is optimized with the Yoast SEO plugin v20.7 - https:\/\/yoast.com\/wordpress\/plugins\/seo\/ -->\n<title>Trabalhos Cient\u00edficos - 15\u00ba Congresso Mineiro de Nefrologia<\/title>\n<meta name=\"robots\" content=\"index, follow, max-snippet:-1, max-image-preview:large, max-video-preview:-1\" \/>\n<link rel=\"canonical\" href=\"https:\/\/smn.org.br\/congresso\/trabalhos-cientificos\/\" \/>\n<meta property=\"og:locale\" content=\"pt_BR\" \/>\n<meta property=\"og:type\" content=\"article\" \/>\n<meta property=\"og:title\" content=\"Trabalhos Cient\u00edficos - 15\u00ba Congresso Mineiro de Nefrologia\" \/>\n<meta property=\"og:description\" content=\"TRABALHOS TECNICO-CIENT\u00cdFICOS Data limite para envio 10 de abril de 2023 Submiss\u00e3o de Trabalhos www.smn.org.br\/congresso Divulga\u00e7\u00e3o do resultado dos trabalhos 27 de abril de 2023 Os trabalhos aprovados e apresentados no 15\u00ba Congresso Mineiro de Nefrologia ser\u00e3o publicados no\u00a0Brazilian Journal of Nephrology (Jornal Brasileiro de Nefrologia). NATUREZA DOS TRABALHOS Os trabalhos dever\u00e3o representar uma contribui\u00e7\u00e3o [&hellip;]\" \/>\n<meta property=\"og:url\" content=\"https:\/\/smn.org.br\/congresso\/trabalhos-cientificos\/\" \/>\n<meta property=\"og:site_name\" content=\"15\u00ba Congresso Mineiro de Nefrologia\" \/>\n<meta property=\"article:publisher\" content=\"https:\/\/www.facebook.com\/smn.org.br\" \/>\n<meta property=\"article:modified_time\" content=\"2023-03-31T15:24:55+00:00\" \/>\n<meta property=\"og:image\" content=\"https:\/\/smn.org.br\/congresso\/wp-content\/uploads\/2022\/12\/ruas-tiradentes.jpg\" \/>\n\t<meta property=\"og:image:width\" content=\"1400\" \/>\n\t<meta property=\"og:image:height\" content=\"500\" \/>\n\t<meta property=\"og:image:type\" content=\"image\/jpeg\" \/>\n<meta name=\"twitter:card\" content=\"summary_large_image\" \/>\n<meta name=\"twitter:label1\" content=\"Est. reading time\" \/>\n\t<meta name=\"twitter:data1\" content=\"8 minutos\" \/>\n<script type=\"application\/ld+json\" class=\"yoast-schema-graph\">{\"@context\":\"https:\/\/schema.org\",\"@graph\":[{\"@type\":\"WebPage\",\"@id\":\"https:\/\/smn.org.br\/congresso\/trabalhos-cientificos\/\",\"url\":\"https:\/\/smn.org.br\/congresso\/trabalhos-cientificos\/\",\"name\":\"Trabalhos Cient\u00edficos - 15\u00ba Congresso Mineiro de Nefrologia\",\"isPartOf\":{\"@id\":\"https:\/\/smn.org.br\/congresso\/#website\"},\"datePublished\":\"2022-12-13T23:16:55+00:00\",\"dateModified\":\"2023-03-31T15:24:55+00:00\",\"breadcrumb\":{\"@id\":\"https:\/\/smn.org.br\/congresso\/trabalhos-cientificos\/#breadcrumb\"},\"inLanguage\":\"pt-BR\",\"potentialAction\":[{\"@type\":\"ReadAction\",\"target\":[\"https:\/\/smn.org.br\/congresso\/trabalhos-cientificos\/\"]}]},{\"@type\":\"BreadcrumbList\",\"@id\":\"https:\/\/smn.org.br\/congresso\/trabalhos-cientificos\/#breadcrumb\",\"itemListElement\":[{\"@type\":\"ListItem\",\"position\":1,\"name\":\"Home\",\"item\":\"https:\/\/smn.org.br\/congresso\/\"},{\"@type\":\"ListItem\",\"position\":2,\"name\":\"Trabalhos Cient\u00edficos\"}]},{\"@type\":\"WebSite\",\"@id\":\"https:\/\/smn.org.br\/congresso\/#website\",\"url\":\"https:\/\/smn.org.br\/congresso\/\",\"name\":\"15\u00ba Congresso Mineiro de Nefrologia\",\"description\":\"6\u00ba Simp\u00f3sio Mineiro de Transplante Renal\",\"publisher\":{\"@id\":\"https:\/\/smn.org.br\/congresso\/#organization\"},\"potentialAction\":[{\"@type\":\"SearchAction\",\"target\":{\"@type\":\"EntryPoint\",\"urlTemplate\":\"https:\/\/smn.org.br\/congresso\/?s={search_term_string}\"},\"query-input\":\"required name=search_term_string\"}],\"inLanguage\":\"pt-BR\"},{\"@type\":\"Organization\",\"@id\":\"https:\/\/smn.org.br\/congresso\/#organization\",\"name\":\"15\u00ba Congresso Mineiro de Nefrologia\",\"url\":\"https:\/\/smn.org.br\/congresso\/\",\"logo\":{\"@type\":\"ImageObject\",\"inLanguage\":\"pt-BR\",\"@id\":\"https:\/\/smn.org.br\/congresso\/#\/schema\/logo\/image\/\",\"url\":\"https:\/\/www.smn.org.br\/congresso\/wp-content\/uploads\/2022\/12\/logo-congresso-mineiro-nefrologia-2023.png\",\"contentUrl\":\"https:\/\/www.smn.org.br\/congresso\/wp-content\/uploads\/2022\/12\/logo-congresso-mineiro-nefrologia-2023.png\",\"width\":400,\"height\":159,\"caption\":\"15\u00ba Congresso Mineiro de Nefrologia\"},\"image\":{\"@id\":\"https:\/\/smn.org.br\/congresso\/#\/schema\/logo\/image\/\"},\"sameAs\":[\"https:\/\/www.facebook.com\/smn.org.br\"]}]}<\/script>\n<!-- \/ Yoast SEO plugin. -->","yoast_head_json":{"title":"Trabalhos Cient\u00edficos - 15\u00ba Congresso Mineiro de Nefrologia","robots":{"index":"index","follow":"follow","max-snippet":"max-snippet:-1","max-image-preview":"max-image-preview:large","max-video-preview":"max-video-preview:-1"},"canonical":"https:\/\/smn.org.br\/congresso\/trabalhos-cientificos\/","og_locale":"pt_BR","og_type":"article","og_title":"Trabalhos Cient\u00edficos - 15\u00ba Congresso Mineiro de Nefrologia","og_description":"TRABALHOS TECNICO-CIENT\u00cdFICOS Data limite para envio 10 de abril de 2023 Submiss\u00e3o de Trabalhos www.smn.org.br\/congresso Divulga\u00e7\u00e3o do resultado dos trabalhos 27 de abril de 2023 Os trabalhos aprovados e apresentados no 15\u00ba Congresso Mineiro de Nefrologia ser\u00e3o publicados no\u00a0Brazilian Journal of Nephrology (Jornal Brasileiro de Nefrologia). NATUREZA DOS TRABALHOS Os trabalhos dever\u00e3o representar uma contribui\u00e7\u00e3o [&hellip;]","og_url":"https:\/\/smn.org.br\/congresso\/trabalhos-cientificos\/","og_site_name":"15\u00ba Congresso Mineiro de Nefrologia","article_publisher":"https:\/\/www.facebook.com\/smn.org.br","article_modified_time":"2023-03-31T15:24:55+00:00","og_image":[{"width":1400,"height":500,"url":"https:\/\/smn.org.br\/congresso\/wp-content\/uploads\/2022\/12\/ruas-tiradentes.jpg","type":"image\/jpeg"}],"twitter_card":"summary_large_image","twitter_misc":{"Est. reading time":"8 minutos"},"schema":{"@context":"https:\/\/schema.org","@graph":[{"@type":"WebPage","@id":"https:\/\/smn.org.br\/congresso\/trabalhos-cientificos\/","url":"https:\/\/smn.org.br\/congresso\/trabalhos-cientificos\/","name":"Trabalhos Cient\u00edficos - 15\u00ba Congresso Mineiro de Nefrologia","isPartOf":{"@id":"https:\/\/smn.org.br\/congresso\/#website"},"datePublished":"2022-12-13T23:16:55+00:00","dateModified":"2023-03-31T15:24:55+00:00","breadcrumb":{"@id":"https:\/\/smn.org.br\/congresso\/trabalhos-cientificos\/#breadcrumb"},"inLanguage":"pt-BR","potentialAction":[{"@type":"ReadAction","target":["https:\/\/smn.org.br\/congresso\/trabalhos-cientificos\/"]}]},{"@type":"BreadcrumbList","@id":"https:\/\/smn.org.br\/congresso\/trabalhos-cientificos\/#breadcrumb","itemListElement":[{"@type":"ListItem","position":1,"name":"Home","item":"https:\/\/smn.org.br\/congresso\/"},{"@type":"ListItem","position":2,"name":"Trabalhos Cient\u00edficos"}]},{"@type":"WebSite","@id":"https:\/\/smn.org.br\/congresso\/#website","url":"https:\/\/smn.org.br\/congresso\/","name":"15\u00ba Congresso Mineiro de Nefrologia","description":"6\u00ba Simp\u00f3sio Mineiro de Transplante Renal","publisher":{"@id":"https:\/\/smn.org.br\/congresso\/#organization"},"potentialAction":[{"@type":"SearchAction","target":{"@type":"EntryPoint","urlTemplate":"https:\/\/smn.org.br\/congresso\/?s={search_term_string}"},"query-input":"required name=search_term_string"}],"inLanguage":"pt-BR"},{"@type":"Organization","@id":"https:\/\/smn.org.br\/congresso\/#organization","name":"15\u00ba Congresso Mineiro de Nefrologia","url":"https:\/\/smn.org.br\/congresso\/","logo":{"@type":"ImageObject","inLanguage":"pt-BR","@id":"https:\/\/smn.org.br\/congresso\/#\/schema\/logo\/image\/","url":"https:\/\/www.smn.org.br\/congresso\/wp-content\/uploads\/2022\/12\/logo-congresso-mineiro-nefrologia-2023.png","contentUrl":"https:\/\/www.smn.org.br\/congresso\/wp-content\/uploads\/2022\/12\/logo-congresso-mineiro-nefrologia-2023.png","width":400,"height":159,"caption":"15\u00ba Congresso Mineiro de Nefrologia"},"image":{"@id":"https:\/\/smn.org.br\/congresso\/#\/schema\/logo\/image\/"},"sameAs":["https:\/\/www.facebook.com\/smn.org.br"]}]}},"_links":{"self":[{"href":"https:\/\/smn.org.br\/congresso\/wp-json\/wp\/v2\/pages\/675"}],"collection":[{"href":"https:\/\/smn.org.br\/congresso\/wp-json\/wp\/v2\/pages"}],"about":[{"href":"https:\/\/smn.org.br\/congresso\/wp-json\/wp\/v2\/types\/page"}],"author":[{"embeddable":true,"href":"https:\/\/smn.org.br\/congresso\/wp-json\/wp\/v2\/users\/1"}],"replies":[{"embeddable":true,"href":"https:\/\/smn.org.br\/congresso\/wp-json\/wp\/v2\/comments?post=675"}],"version-history":[{"count":11,"href":"https:\/\/smn.org.br\/congresso\/wp-json\/wp\/v2\/pages\/675\/revisions"}],"predecessor-version":[{"id":736,"href":"https:\/\/smn.org.br\/congresso\/wp-json\/wp\/v2\/pages\/675\/revisions\/736"}],"wp:featuredmedia":[{"embeddable":true,"href":"https:\/\/smn.org.br\/congresso\/wp-json\/wp\/v2\/media\/656"}],"wp:attachment":[{"href":"https:\/\/smn.org.br\/congresso\/wp-json\/wp\/v2\/media?parent=675"}],"curies":[{"name":"wp","href":"https:\/\/api.w.org\/{rel}","templated":true}]}}