{"id":661,"date":"2022-12-05T20:45:54","date_gmt":"2022-12-05T23:45:54","guid":{"rendered":"https:\/\/www.smn.org.br\/congresso\/?page_id=661"},"modified":"2023-01-31T11:56:14","modified_gmt":"2023-01-31T14:56:14","slug":"hospedagem","status":"publish","type":"page","link":"https:\/\/smn.org.br\/congresso\/hospedagem\/","title":{"rendered":"Hospedagem"},"content":{"rendered":"\n<div class=\"wp-block-columns is-layout-flex wp-container-3\">\n<div class=\"wp-block-column is-layout-flow\">\n<figure class=\"wp-block-image size-full\"><img decoding=\"async\" loading=\"lazy\" width=\"300\" height=\"253\" src=\"https:\/\/www.smn.org.br\/congresso\/wp-content\/uploads\/2022\/12\/girotour.png\" alt=\"\" class=\"wp-image-645\"\/><\/figure>\n<\/div>\n\n\n\n<div class=\"wp-block-column is-layout-flow\">\n<p><strong>Contato:<\/strong> L\u00edgia Lino<\/p>\n\n\n\n<p><strong>E-mail: <\/strong><a href=\"mailto:reservas@giroturviagens.com.br\" target=\"_blank\" rel=\"noreferrer noopener\">reservas@giroturviagens.com.br<\/a>&nbsp;<\/p>\n\n\n\n<p><strong>Telefones:<\/strong> <a data-type=\"tel\" data-id=\"tel:3132233701\" href=\"tel:3132233701\">(31) 3223-3701<\/a> &#8211; <a href=\"https:\/\/wa.me\/+5531971236532\" target=\"_blank\" rel=\"noreferrer noopener\">(31) 97123-6532<\/a><\/p>\n<\/div>\n<\/div>\n\n\n\n<h2 class=\"wp-block-heading\">SANT\u00cdSSIMO RESORT<\/h2>\n\n\n\n<p><strong>Hotel Oficial do Evento<\/strong><\/p>\n\n\n\n<p><a href=\"https:\/\/www.santissimoresort.com.br\" target=\"_blank\" rel=\"noreferrer noopener\">https:\/\/www.santissimoresort.com.br<\/a><\/p>\n\n\n\n<p>O Resort possui uma vista privilegiada para a Serra de S\u00e3o Jos\u00e9, al\u00e9m da facilidade de acesso aos<br>principais pontos tur\u00edsticos e \u00e0s atra\u00e7\u00f5es da cidade. Al\u00e9m disso, os h\u00f3spedes tamb\u00e9m podem<br>aproveitar as v\u00e1rias op\u00e7\u00f5es de lazer e entretenimento oferecidas pelo Resort e seu novo<br>complexo de lazer.<\/p>\n\n\n\n<p>Di\u00e1rias a partir de:<\/p>\n\n\n\n<figure class=\"wp-block-table\"><table><thead><tr><th><strong>Categoria Aptos&nbsp;<\/strong><\/th><th class=\"has-text-align-center\" data-align=\"center\"><strong>Pacote de quarta&nbsp; a sexta*<\/strong><\/th><th class=\"has-text-align-center\" data-align=\"center\"><strong>Pacote de ter\u00e7a a&nbsp; sexta*&nbsp;<\/strong><\/th><th class=\"has-text-align-center\" data-align=\"center\"><strong>Pacote de&nbsp;&nbsp;segunda a sexta*<\/strong><\/th><\/tr><\/thead><tbody><tr><td><strong>Luxo Duplo\u00a0<\/strong><\/td><td class=\"has-text-align-center\" data-align=\"center\">R$ 1.612,00&nbsp;<\/td><td class=\"has-text-align-center\" data-align=\"center\">R$ 2.418,00&nbsp;<\/td><td class=\"has-text-align-center\" data-align=\"center\">R$ 3.224,00&nbsp;<\/td><\/tr><tr><td><strong>Luxo Triplo\u00a0<\/strong><\/td><td class=\"has-text-align-center\" data-align=\"center\">R$ 2.052,00&nbsp;<\/td><td class=\"has-text-align-center\" data-align=\"center\">R$ 3.078,00&nbsp;<\/td><td class=\"has-text-align-center\" data-align=\"center\">R$ 4.104,00&nbsp;<\/td><\/tr><tr><td><strong>Luxo Superior\u00a0&#8211;\u00a0Duplo\u00a0<\/strong><\/td><td class=\"has-text-align-center\" data-align=\"center\">R$ 1.796,00&nbsp;<\/td><td class=\"has-text-align-center\" data-align=\"center\">R$ 2.694,00&nbsp;<\/td><td class=\"has-text-align-center\" data-align=\"center\">R$ 3.592,00&nbsp;<\/td><\/tr><tr><td><strong>Luxo Superior\u00a0&#8211;\u00a0Triplo\u00a0<\/strong><\/td><td class=\"has-text-align-center\" data-align=\"center\">R$ 2.296,00&nbsp;<\/td><td class=\"has-text-align-center\" data-align=\"center\">R$ 3.444,00&nbsp;<\/td><td class=\"has-text-align-center\" data-align=\"center\">R$ 4.592,00&nbsp;<\/td><\/tr><\/tbody><\/table><\/figure>\n\n\n\n<p>* Valores sujeitos a disponibilidade<\/p>\n\n\n\n<ul>\n<li>Acrescentar 7% de Taxas<\/li>\n\n\n\n<li>Meia Pens\u00e3o<\/li>\n\n\n\n<li>As di\u00e1rias iniciam-se \u00e0s 14h e encerram-se \u00e0s 12h<\/li>\n<\/ul>\n\n\n\n<h2 class=\"wp-block-heading\">HOTEL PONTA DO MORRO &#8211; HPM<\/h2>\n\n\n\n<p><strong>Situado na pra\u00e7a principal de Tiradentes<\/strong><\/p>\n\n\n\n<p><a href=\"https:\/\/www.pontadomorrohotel.com.br\" target=\"_blank\" rel=\"noreferrer noopener\">https:\/\/www.pontadomorrohotel.com.br<\/a><\/p>\n\n\n\n<p>Possui completa \u00e1rea de lazer com atra\u00e7\u00f5es para todos os gostos: piscina com tobo\u00e1gua, sauna<br>a vapor, sala de jogos, quadra poliesportiva, quadra de areia, playground infantil e belos jardins<br>gramados, que comp\u00f5em um excelente cen\u00e1rio para as fotos. Estacionamento, Wi-fi e Caf\u00e9 da<br>Manh\u00e3.<\/p>\n\n\n\n<p>Di\u00e1rias a partir de:<\/p>\n\n\n\n<ul>\n<li><strong>DPL: R$ 360,00* + 10% Tx de Servi\u00e7o<\/strong><\/li>\n\n\n\n<li><strong>TPL: R$ 485,00* + 10% Tx de Servi\u00e7o<\/strong><\/li>\n\n\n\n<li><strong>QDL: R$ 570,00* + 10% Tx de Servi\u00e7o<\/strong><\/li>\n<\/ul>\n\n\n\n<p>* Valores sujeitos a disponibilidade<\/p>\n\n\n\n<h2 class=\"wp-block-heading\">POUSADA TIRADENTES<\/h2>\n\n\n\n<p><a href=\"https:\/\/pousadatiradentesmg.com.br\" target=\"_blank\" rel=\"noreferrer noopener\">https:\/\/pousadatiradentesmg.com.br<\/a><\/p>\n\n\n\n<p>A Pousada Tiradentes foi a terceira pousada inaugurada na cidade. Ela mant\u00e9m em sua<br>arquitetura o charme e requinte hist\u00f3rico da regi\u00e3o. Localizada no cora\u00e7\u00e3o do centro hist\u00f3rico<br>de Tiradentes, ao lado da rodovi\u00e1ria, com f\u00e1cil acesso a todo lazer que a cidade proporciona.<\/p>\n\n\n\n<p>Di\u00e1rias a partir de:<\/p>\n\n\n\n<ul>\n<li><strong>Su\u00edte Luxo casal SGL ou DPL R$ 960,00* (2 di\u00e1rias)<\/strong><\/li>\n\n\n\n<li><strong>TPL R$ 1.320,00* (2 di\u00e1rias)<\/strong><\/li>\n<\/ul>\n\n\n\n<p>Incluso nas di\u00e1rias caf\u00e9 da manh\u00e3<\/p>\n\n\n\n<p>* Valores sujeitos a disponibilidade<\/p>\n\n\n\n<h2 class=\"wp-block-heading\">POUSADA POUSO DAS GERAIS<\/h2>\n\n\n\n<p><strong>Localizada em frente ao Sant\u00edssimo Resort<\/strong><\/p>\n\n\n\n<p><a href=\"https:\/\/www.pousodasgerais.com.br\" target=\"_blank\" rel=\"noreferrer noopener\">https:\/\/www.pousodasgerais.com.br<\/a><\/p>\n\n\n\n<p>O Pouso dos Gerais disp\u00f5e de quartos de casal at\u00e9 quarto fam\u00edlia, caf\u00e9 da manh\u00e3, Wi-Fi, piscina,<br>estacionamento e muito sossego, paz e harmonia. A pousada possui uma localiza\u00e7\u00e3o<br>privilegiada, fica bem pr\u00f3ximo do centro da cidade e pr\u00f3ximos dos melhores bares, restaurantes<br>e pontos tur\u00edsticos.<\/p>\n\n\n\n<p>Di\u00e1rias a partir de:<\/p>\n\n\n\n<h3 class=\"wp-block-heading\">24 a 26 de maio de 2023:<\/h3>\n\n\n\n<ul>\n<li><strong>Valor di\u00e1ria single R$ 240,00*<\/strong><\/li>\n\n\n\n<li><strong>Valor di\u00e1ria duplo R$ 360,00*<\/strong><\/li>\n\n\n\n<li><strong>Valor di\u00e1ria triplo R$ 480,00*<\/strong><\/li>\n<\/ul>\n\n\n\n<p>* Valores sujeitos a disponibilidade<\/p>\n\n\n\n<h2 class=\"wp-block-heading\">HOTEL SERRA VISTA<\/h2>\n\n\n\n<p><a href=\"https:\/\/www.serravista.com.br\" target=\"_blank\" rel=\"noreferrer noopener\">https:\/\/www.serravista.com.br<\/a><\/p>\n\n\n\n<p>Hotel mais afastado do Centro de Tiradentes, localizado h\u00e1 aproximadamente 1,9km do<br>Sant\u00edssimo Resort.<\/p>\n\n\n\n<h3 class=\"wp-block-heading\">24 a 26 de maio<\/h3>\n\n\n\n<ul>\n<li><strong>Casal standard &#8211; R$ 840,00* + 5%<\/strong><\/li>\n\n\n\n<li><strong>Luxo &#8211; R$ 960,00* + 5%<\/strong><\/li>\n\n\n\n<li><strong>Master com hidro &#8211; R$ 1.140,00* + 5%<\/strong><\/li>\n<\/ul>\n\n\n\n<p>Incluso Caf\u00e9 da manh\u00e3<br><\/p>\n\n\n\n<h3 class=\"wp-block-heading\">Final de semana<\/h3>\n\n\n\n<ul>\n<li><strong>Casal Standard &#8211; R$ 840* + 5%<\/strong><\/li>\n\n\n\n<li><strong>Luxo \u2014 R$ 960* + 5%<\/strong><\/li>\n\n\n\n<li><strong>Master com hidro &#8211; R$ 1680* + 5%<\/strong><\/li>\n<\/ul>\n\n\n\n<p>Incluso Caf\u00e9 da manh\u00e3<\/p>\n\n\n\n<p><strong>Cama extra adulto &#8211; R$ 360,00*<br>Cama extra crian\u00e7a at\u00e9 6 a 12 anos &#8211; R$ 240,00*<\/strong><\/p>\n\n\n\n<p>* Valores sujeitos a disponibilidade<\/p>\n\n\n\n<p><strong>PARA OUTRAS OP\u00c7\u00d5ES, CONSULTE A AG\u00caNCIA<\/strong><\/p>\n","protected":false},"excerpt":{"rendered":"<p>Contato: L\u00edgia Lino E-mail: reservas@giroturviagens.com.br&nbsp; Telefones: (31) 3223-3701 &#8211; (31) 97123-6532 SANT\u00cdSSIMO RESORT Hotel Oficial do Evento https:\/\/www.santissimoresort.com.br O Resort possui uma vista privilegiada para a Serra de S\u00e3o Jos\u00e9, al\u00e9m da facilidade de acesso aosprincipais pontos tur\u00edsticos e \u00e0s atra\u00e7\u00f5es da cidade. Al\u00e9m disso, os h\u00f3spedes tamb\u00e9m podemaproveitar as v\u00e1rias op\u00e7\u00f5es de lazer e [&hellip;]<\/p>\n","protected":false},"author":1,"featured_media":660,"parent":0,"menu_order":0,"comment_status":"closed","ping_status":"closed","template":"","meta":[],"yoast_head":"<!-- This site is optimized with the Yoast SEO plugin v20.7 - https:\/\/yoast.com\/wordpress\/plugins\/seo\/ -->\n<title>Hospedagem - 15\u00ba Congresso Mineiro de Nefrologia<\/title>\n<meta name=\"robots\" content=\"index, follow, max-snippet:-1, max-image-preview:large, max-video-preview:-1\" \/>\n<link rel=\"canonical\" href=\"https:\/\/smn.org.br\/congresso\/hospedagem\/\" \/>\n<meta property=\"og:locale\" content=\"pt_BR\" \/>\n<meta property=\"og:type\" content=\"article\" \/>\n<meta property=\"og:title\" content=\"Hospedagem - 15\u00ba Congresso Mineiro de Nefrologia\" \/>\n<meta property=\"og:description\" content=\"Contato: L\u00edgia Lino E-mail: reservas@giroturviagens.com.br&nbsp; Telefones: (31) 3223-3701 &#8211; (31) 97123-6532 SANT\u00cdSSIMO RESORT Hotel Oficial do Evento https:\/\/www.santissimoresort.com.br O Resort possui uma vista privilegiada para a Serra de S\u00e3o Jos\u00e9, al\u00e9m da facilidade de acesso aosprincipais pontos tur\u00edsticos e \u00e0s atra\u00e7\u00f5es da cidade. Al\u00e9m disso, os h\u00f3spedes tamb\u00e9m podemaproveitar as v\u00e1rias op\u00e7\u00f5es de lazer e [&hellip;]\" \/>\n<meta property=\"og:url\" content=\"https:\/\/smn.org.br\/congresso\/hospedagem\/\" \/>\n<meta property=\"og:site_name\" content=\"15\u00ba Congresso Mineiro de Nefrologia\" \/>\n<meta property=\"article:publisher\" content=\"https:\/\/www.facebook.com\/smn.org.br\" \/>\n<meta property=\"article:modified_time\" content=\"2023-01-31T14:56:14+00:00\" \/>\n<meta property=\"og:image\" content=\"https:\/\/smn.org.br\/congresso\/wp-content\/uploads\/2022\/12\/santissimo-tiradentes.jpg\" \/>\n\t<meta property=\"og:image:width\" content=\"1400\" \/>\n\t<meta property=\"og:image:height\" content=\"500\" \/>\n\t<meta property=\"og:image:type\" content=\"image\/jpeg\" \/>\n<meta name=\"twitter:card\" content=\"summary_large_image\" \/>\n<meta name=\"twitter:label1\" content=\"Est. reading time\" \/>\n\t<meta name=\"twitter:data1\" content=\"3 minutos\" \/>\n<script type=\"application\/ld+json\" class=\"yoast-schema-graph\">{\"@context\":\"https:\/\/schema.org\",\"@graph\":[{\"@type\":\"WebPage\",\"@id\":\"https:\/\/smn.org.br\/congresso\/hospedagem\/\",\"url\":\"https:\/\/smn.org.br\/congresso\/hospedagem\/\",\"name\":\"Hospedagem - 15\u00ba Congresso Mineiro de Nefrologia\",\"isPartOf\":{\"@id\":\"https:\/\/smn.org.br\/congresso\/#website\"},\"datePublished\":\"2022-12-05T23:45:54+00:00\",\"dateModified\":\"2023-01-31T14:56:14+00:00\",\"breadcrumb\":{\"@id\":\"https:\/\/smn.org.br\/congresso\/hospedagem\/#breadcrumb\"},\"inLanguage\":\"pt-BR\",\"potentialAction\":[{\"@type\":\"ReadAction\",\"target\":[\"https:\/\/smn.org.br\/congresso\/hospedagem\/\"]}]},{\"@type\":\"BreadcrumbList\",\"@id\":\"https:\/\/smn.org.br\/congresso\/hospedagem\/#breadcrumb\",\"itemListElement\":[{\"@type\":\"ListItem\",\"position\":1,\"name\":\"Home\",\"item\":\"https:\/\/smn.org.br\/congresso\/\"},{\"@type\":\"ListItem\",\"position\":2,\"name\":\"Hospedagem\"}]},{\"@type\":\"WebSite\",\"@id\":\"https:\/\/smn.org.br\/congresso\/#website\",\"url\":\"https:\/\/smn.org.br\/congresso\/\",\"name\":\"15\u00ba Congresso Mineiro de Nefrologia\",\"description\":\"6\u00ba Simp\u00f3sio Mineiro de Transplante Renal\",\"publisher\":{\"@id\":\"https:\/\/smn.org.br\/congresso\/#organization\"},\"potentialAction\":[{\"@type\":\"SearchAction\",\"target\":{\"@type\":\"EntryPoint\",\"urlTemplate\":\"https:\/\/smn.org.br\/congresso\/?s={search_term_string}\"},\"query-input\":\"required name=search_term_string\"}],\"inLanguage\":\"pt-BR\"},{\"@type\":\"Organization\",\"@id\":\"https:\/\/smn.org.br\/congresso\/#organization\",\"name\":\"15\u00ba Congresso Mineiro de Nefrologia\",\"url\":\"https:\/\/smn.org.br\/congresso\/\",\"logo\":{\"@type\":\"ImageObject\",\"inLanguage\":\"pt-BR\",\"@id\":\"https:\/\/smn.org.br\/congresso\/#\/schema\/logo\/image\/\",\"url\":\"https:\/\/www.smn.org.br\/congresso\/wp-content\/uploads\/2022\/12\/logo-congresso-mineiro-nefrologia-2023.png\",\"contentUrl\":\"https:\/\/www.smn.org.br\/congresso\/wp-content\/uploads\/2022\/12\/logo-congresso-mineiro-nefrologia-2023.png\",\"width\":400,\"height\":159,\"caption\":\"15\u00ba Congresso Mineiro de Nefrologia\"},\"image\":{\"@id\":\"https:\/\/smn.org.br\/congresso\/#\/schema\/logo\/image\/\"},\"sameAs\":[\"https:\/\/www.facebook.com\/smn.org.br\"]}]}<\/script>\n<!-- \/ Yoast SEO plugin. -->","yoast_head_json":{"title":"Hospedagem - 15\u00ba Congresso Mineiro de Nefrologia","robots":{"index":"index","follow":"follow","max-snippet":"max-snippet:-1","max-image-preview":"max-image-preview:large","max-video-preview":"max-video-preview:-1"},"canonical":"https:\/\/smn.org.br\/congresso\/hospedagem\/","og_locale":"pt_BR","og_type":"article","og_title":"Hospedagem - 15\u00ba Congresso Mineiro de Nefrologia","og_description":"Contato: L\u00edgia Lino E-mail: reservas@giroturviagens.com.br&nbsp; Telefones: (31) 3223-3701 &#8211; (31) 97123-6532 SANT\u00cdSSIMO RESORT Hotel Oficial do Evento https:\/\/www.santissimoresort.com.br O Resort possui uma vista privilegiada para a Serra de S\u00e3o Jos\u00e9, al\u00e9m da facilidade de acesso aosprincipais pontos tur\u00edsticos e \u00e0s atra\u00e7\u00f5es da cidade. Al\u00e9m disso, os h\u00f3spedes tamb\u00e9m podemaproveitar as v\u00e1rias op\u00e7\u00f5es de lazer e [&hellip;]","og_url":"https:\/\/smn.org.br\/congresso\/hospedagem\/","og_site_name":"15\u00ba Congresso Mineiro de Nefrologia","article_publisher":"https:\/\/www.facebook.com\/smn.org.br","article_modified_time":"2023-01-31T14:56:14+00:00","og_image":[{"width":1400,"height":500,"url":"https:\/\/smn.org.br\/congresso\/wp-content\/uploads\/2022\/12\/santissimo-tiradentes.jpg","type":"image\/jpeg"}],"twitter_card":"summary_large_image","twitter_misc":{"Est. reading time":"3 minutos"},"schema":{"@context":"https:\/\/schema.org","@graph":[{"@type":"WebPage","@id":"https:\/\/smn.org.br\/congresso\/hospedagem\/","url":"https:\/\/smn.org.br\/congresso\/hospedagem\/","name":"Hospedagem - 15\u00ba Congresso Mineiro de Nefrologia","isPartOf":{"@id":"https:\/\/smn.org.br\/congresso\/#website"},"datePublished":"2022-12-05T23:45:54+00:00","dateModified":"2023-01-31T14:56:14+00:00","breadcrumb":{"@id":"https:\/\/smn.org.br\/congresso\/hospedagem\/#breadcrumb"},"inLanguage":"pt-BR","potentialAction":[{"@type":"ReadAction","target":["https:\/\/smn.org.br\/congresso\/hospedagem\/"]}]},{"@type":"BreadcrumbList","@id":"https:\/\/smn.org.br\/congresso\/hospedagem\/#breadcrumb","itemListElement":[{"@type":"ListItem","position":1,"name":"Home","item":"https:\/\/smn.org.br\/congresso\/"},{"@type":"ListItem","position":2,"name":"Hospedagem"}]},{"@type":"WebSite","@id":"https:\/\/smn.org.br\/congresso\/#website","url":"https:\/\/smn.org.br\/congresso\/","name":"15\u00ba Congresso Mineiro de Nefrologia","description":"6\u00ba Simp\u00f3sio Mineiro de Transplante Renal","publisher":{"@id":"https:\/\/smn.org.br\/congresso\/#organization"},"potentialAction":[{"@type":"SearchAction","target":{"@type":"EntryPoint","urlTemplate":"https:\/\/smn.org.br\/congresso\/?s={search_term_string}"},"query-input":"required name=search_term_string"}],"inLanguage":"pt-BR"},{"@type":"Organization","@id":"https:\/\/smn.org.br\/congresso\/#organization","name":"15\u00ba Congresso Mineiro de Nefrologia","url":"https:\/\/smn.org.br\/congresso\/","logo":{"@type":"ImageObject","inLanguage":"pt-BR","@id":"https:\/\/smn.org.br\/congresso\/#\/schema\/logo\/image\/","url":"https:\/\/www.smn.org.br\/congresso\/wp-content\/uploads\/2022\/12\/logo-congresso-mineiro-nefrologia-2023.png","contentUrl":"https:\/\/www.smn.org.br\/congresso\/wp-content\/uploads\/2022\/12\/logo-congresso-mineiro-nefrologia-2023.png","width":400,"height":159,"caption":"15\u00ba Congresso Mineiro de Nefrologia"},"image":{"@id":"https:\/\/smn.org.br\/congresso\/#\/schema\/logo\/image\/"},"sameAs":["https:\/\/www.facebook.com\/smn.org.br"]}]}},"_links":{"self":[{"href":"https:\/\/smn.org.br\/congresso\/wp-json\/wp\/v2\/pages\/661"}],"collection":[{"href":"https:\/\/smn.org.br\/congresso\/wp-json\/wp\/v2\/pages"}],"about":[{"href":"https:\/\/smn.org.br\/congresso\/wp-json\/wp\/v2\/types\/page"}],"author":[{"embeddable":true,"href":"https:\/\/smn.org.br\/congresso\/wp-json\/wp\/v2\/users\/1"}],"replies":[{"embeddable":true,"href":"https:\/\/smn.org.br\/congresso\/wp-json\/wp\/v2\/comments?post=661"}],"version-history":[{"count":9,"href":"https:\/\/smn.org.br\/congresso\/wp-json\/wp\/v2\/pages\/661\/revisions"}],"predecessor-version":[{"id":725,"href":"https:\/\/smn.org.br\/congresso\/wp-json\/wp\/v2\/pages\/661\/revisions\/725"}],"wp:featuredmedia":[{"embeddable":true,"href":"https:\/\/smn.org.br\/congresso\/wp-json\/wp\/v2\/media\/660"}],"wp:attachment":[{"href":"https:\/\/smn.org.br\/congresso\/wp-json\/wp\/v2\/media?parent=661"}],"curies":[{"name":"wp","href":"https:\/\/api.w.org\/{rel}","templated":true}]}}