{"id":345,"date":"2021-06-09T20:25:29","date_gmt":"2021-06-09T23:25:29","guid":{"rendered":"https:\/\/www.smn.org.br\/congresso\/?page_id=345"},"modified":"2023-05-09T12:18:32","modified_gmt":"2023-05-09T15:18:32","slug":"inscricoes","status":"publish","type":"page","link":"https:\/\/smn.org.br\/congresso\/inscricoes\/","title":{"rendered":"Inscri\u00e7\u00f5es"},"content":{"rendered":"\r\n<figure class=\"wp-block-table\">\r\n<table>\r\n<thead>\r\n<tr>\r\n<th>NOME DA CATEGORIA<\/th>\r\n<th>1\u00aa VIG\u00caNCIA<br \/>at\u00e9 28\/02<\/th>\r\n<th>2\u00aa VIG\u00caNCIA<br \/>01\/03 at\u00e9 31\/03<\/th>\r\n<th>3\u00aa VIG\u00caNCIA<br \/>01\/04 at\u00e9 10\/05<\/th>\r\n<th>4\u00aa VIG\u00caNCIA<br \/>11\/05 at\u00e9 26\/05<\/th>\r\n<\/tr>\r\n<\/thead>\r\n<tbody>\r\n<tr>\r\n<td>M\u00e9dicos nefrologistas s\u00f3cios da SBN<\/td>\r\n<td>500,00<\/td>\r\n<td>600,00<\/td>\r\n<td>750,00<\/td>\r\n<td><s>900,00<\/s>\u00a0&#8211; 750,00<\/td>\r\n<\/tr>\r\n<tr>\r\n<td>M\u00e9dicos nefrologistas n\u00e3o s\u00f3cios SBN<\/td>\r\n<td>700,00<\/td>\r\n<td>850,00<\/td>\r\n<td>1000,00<\/td>\r\n<td><s>1200,00<\/s>\u00a0&#8211; 1000,00<\/td>\r\n<\/tr>\r\n<tr>\r\n<td>Residentes P\u00f3s graduandos s\u00f3cios da SBN<\/td>\r\n<td>250,00<\/td>\r\n<td>350,00<\/td>\r\n<td>450,00<\/td>\r\n<td><s>600,00<\/s>\u00a0&#8211; 450,00<\/td>\r\n<\/tr>\r\n<tr>\r\n<td>Residentes p\u00f3s graduandos N\u00e3o s\u00f3cios da SBN<\/td>\r\n<td>400,00<\/td>\r\n<td>500,00<\/td>\r\n<td>600,00<\/td>\r\n<td><s>700,00<\/s>\u00a0&#8211; 600,00<\/td>\r\n<\/tr>\r\n<tr>\r\n<td>Estudantes de gradua\u00e7\u00e3o<\/td>\r\n<td>150,00<\/td>\r\n<td>200,00<\/td>\r\n<td>250,00<\/td>\r\n<td><s>300,00<\/s>\u00a0\u2013 250,00<\/td>\r\n<\/tr>\r\n<tr>\r\n<td>Outros Profissionais da Sa\u00fade*<\/td>\r\n<td>350,00<\/td>\r\n<td>400,00<\/td>\r\n<td>500,00<\/td>\r\n<td><s>600,00<\/s>\u00a0\u2013 500,00<\/td>\r\n<\/tr>\r\n<tr>\r\n<td>S\u00f3cio Remido<\/td>\r\n<td colspan=\"4\">Isento<\/td>\r\n<\/tr>\r\n<\/tbody>\r\n<\/table>\r\n<\/figure>\r\n\r\n\r\n\r\n<p><strong>*Enfermeiros, nutricionistas, psic\u00f3logos, assistentes sociais e outros profissionais ligados \u00e0 \u00e1rea de sa\u00fade.<\/strong><\/p>\r\n\r\n\r\n\r\n<div class=\"wp-block-buttons is-content-justification-center is-layout-flex wp-container-1\">\r\n<div class=\"wp-block-button\"><a class=\"wp-block-button__link has-background wp-element-button\" style=\"border-radius: 10px; background-color: #570404;\" href=\"https:\/\/icongresso.smn.itarget.com.br\/estacao\/index\/index\/evento\/4\" target=\"_blank\" rel=\"noreferrer noopener\"><strong>INSCREVA-SE<\/strong><\/a><\/div>\r\n<\/div>\r\n\r\n\r\n\r\n<h2 class=\"wp-block-heading\">Cursos Pr\u00e9-congresso<\/h2>\r\n\r\n\r\n\r\n<figure class=\"wp-block-table\">\r\n<table>\r\n<thead>\r\n<tr>\r\n<th>\u00a0<\/th>\r\n<th class=\"has-text-align-center\" data-align=\"center\">DATA<\/th>\r\n<th class=\"has-text-align-center\" data-align=\"center\">HOR\u00c1RIO<\/th>\r\n<th class=\"has-text-align-center\" data-align=\"center\">N\u00ba DE VAGAS<\/th>\r\n<th>VALOR \u00daNICO<\/th>\r\n<\/tr>\r\n<\/thead>\r\n<tbody>\r\n<tr>\r\n<td>6\u00ba Simp\u00f3sio Mineiro de Transplante Renal<\/td>\r\n<td class=\"has-text-align-center\" data-align=\"center\">24\/05\/2023<\/td>\r\n<td class=\"has-text-align-center\" data-align=\"center\">9h00 \u00e0s 18h00<\/td>\r\n<td class=\"has-text-align-center\" data-align=\"center\">50<\/td>\r\n<td>Sem custos para inscritos com ades\u00e3o paga ou remidos<\/td>\r\n<\/tr>\r\n<tr>\r\n<td>Inj\u00faria Renal Aguda &#8211; Terapias Cont\u00ednuas e POCUS<\/td>\r\n<td class=\"has-text-align-center\" data-align=\"center\">24\/05\/2023<\/td>\r\n<td class=\"has-text-align-center\" data-align=\"center\">9h00 \u00e0s 18h00<\/td>\r\n<td class=\"has-text-align-center\" data-align=\"center\">50<\/td>\r\n<td>M\u00e9dicos \u2013 R$ 200,00<br \/>Residentes \u2013 R$ 100,00<\/td>\r\n<\/tr>\r\n<tr>\r\n<td>Nefropatologia e Glomerulopatias<\/td>\r\n<td class=\"has-text-align-center\" data-align=\"center\">24\/05\/2023<\/td>\r\n<td class=\"has-text-align-center\" data-align=\"center\">9h00 \u00e0s 18h00<\/td>\r\n<td class=\"has-text-align-center\" data-align=\"center\">50<\/td>\r\n<td>M\u00e9dicos \u2013 R$ 200,00<br \/>Residentes \u2013 R$ 100,00<br \/>Acad\u00eamico \u2013 R$ 50,00<\/td>\r\n<\/tr>\r\n<\/tbody>\r\n<\/table>\r\n<\/figure>\r\n\r\n\r\n\r\n<p><strong>Informa\u00e7\u00f5es adicionais:<\/strong><\/p>\r\n\r\n\r\n\r\n<ul>\r\n<li>Para participar dos cursos e do 6\u00ba Simp\u00f3sio Mineiro de Transplante Renal \u00e9 pr\u00e9-requisito estar com a\u00a0inscri\u00e7\u00e3o PAGA\u00a0no 15\u00ba CMN. \u00a0<\/li>\r\n\r\n\r\n\r\n<li>O 6\u00ba Simp\u00f3sio Mineiro de Transplante Renal \u00e9 aberto a participa\u00e7\u00e3o de todas as categorias.<\/li>\r\n\r\n\r\n\r\n<li>Ser\u00e1 emitido um certificado espec\u00edfico para cada curso.<\/li>\r\n\r\n\r\n\r\n<li>N\u00e3o ser\u00e1 permitida a inscri\u00e7\u00e3o em duas atividades simult\u00e2neas.<\/li>\r\n<li>Ligas de Nefrologia ganham 3 inscri\u00e7\u00f5es para participarem do congresso e para o curso\u00a0Nefropatologia e Glomerulopatias. O presidente da liga dever\u00e1 enviar um e-mail para\u00a0<a href=\"mailto:mineironefro@atmaeventos.com.br\">mineironefro@atmaeventos.com.br<\/a>\u00a0solicitando as inscri\u00e7\u00f5es e informar o nome da liga, o nome completo dos 3 contemplados e seus e-mails. Posteriormente a Empresa Organizadora enviar\u00e1 os voucher para as inscri\u00e7\u00f5es.<\/li>\r\n<\/ul>\r\n\r\n\r\n\r\n<div class=\"wp-block-buttons is-content-justification-center is-layout-flex wp-container-2\">\r\n<div class=\"wp-block-button\"><a class=\"wp-block-button__link has-background wp-element-button\" style=\"border-radius: 10px; background-color: #570404;\" href=\"https:\/\/icongresso.smn.itarget.com.br\/estacao\/index\/index\/evento\/4\" target=\"_blank\" rel=\"noreferrer noopener\"><strong>INSCREVA-SE<\/strong><\/a><\/div>\r\n<\/div>\r\n\r\n\r\n\r\n<h2 class=\"wp-block-heading\"><strong>Instru\u00e7\u00f5es para inscri\u00e7\u00e3o<\/strong><\/h2>\r\n\r\n\r\n\r\n<p>O congressista dever\u00e1 preencher o formul\u00e1rio de inscri\u00e7\u00e3o que se encontra no final da p\u00e1gina e efetuar o pagamento atrav\u00e9s de boleto banc\u00e1rio ou cart\u00e3o de cr\u00e9dito.<\/p>\r\n\r\n\r\n\r\n<h2 class=\"wp-block-heading\"><strong>Informa\u00e7\u00f5es importantes<\/strong><\/h2>\r\n\r\n\r\n\r\n<p>A inscri\u00e7\u00e3o \u00e9 feita\u00a0EXCLUSIVAMENTE por este site atrav\u00e9s do sistema de inscri\u00e7\u00f5es on-line.<\/p>\r\n\r\n\r\n\r\n<p>A inscri\u00e7\u00e3o s\u00f3 ser\u00e1 confirmada ap\u00f3s a comprova\u00e7\u00e3o do pagamento.<\/p>\r\n\r\n\r\n\r\n<p>No Formul\u00e1rio de\u00a0inscri\u00e7\u00e3o (cadastro) o congressista dever\u00e1 informar um e-mail atualizado, pois todas as informa\u00e7\u00f5es pertinentes ao evento ser\u00e3o enviadas ao congressista atrav\u00e9s dele.<\/p>\r\n\r\n\r\n\r\n<p>O CPF \u00e9 um campo de identifica\u00e7\u00e3o do congressista. O seu preenchimento \u00e9 obrigat\u00f3rio no formul\u00e1rio de inscri\u00e7\u00e3o.<\/p>\r\n\r\n\r\n\r\n<p>Confira a tabela de valores, leia as instru\u00e7\u00f5es desta p\u00e1gina e em seguida fa\u00e7a a sua inscri\u00e7\u00e3o.<\/p>\r\n\r\n\r\n\r\n<h2 class=\"wp-block-heading\"><strong>Condi\u00e7\u00f5es e comprovantes exigidos<\/strong><\/h2>\r\n\r\n\r\n\r\n<h3 class=\"wp-block-heading\"><strong>S\u00f3cios<\/strong><\/h3>\r\n\r\n\r\n\r\n<p>Os S\u00f3cios dever\u00e3o estar quites com a sua anuidade na SBN\/SMN para efetuar sua inscri\u00e7\u00e3o com o valor da categoria de S\u00d3CIOS QUITES.<\/p>\r\n\r\n\r\n\r\n<p>Em caso de discord\u00e2ncia, pedimos a gentileza de entrar em contato atrav\u00e9s do e-mail\u00a0<a href=\"mailto:mineironefro@atmaeventos.com.br\" target=\"_blank\" rel=\"noreferrer noopener\">mineironefro@atmaeventos.com.br<\/a>\u00a0<\/p>\r\n\r\n\r\n\r\n<h3 class=\"wp-block-heading\"><strong>Graduando e p\u00f3s-graduando<\/strong><\/h3>\r\n\r\n\r\n\r\n<p>GRADUANDOS n\u00e3o inclui p\u00f3s-gradua\u00e7\u00e3o, mestrado ou doutorado.<\/p>\r\n\r\n\r\n\r\n<p>Ser\u00e1 imprescind\u00edvel ANEXAR comprovante de categoria no momento da inscri\u00e7\u00e3o.<\/p>\r\n\r\n\r\n\r\n<p>Ser\u00e3o aceitos os seguintes comprovantes de categoria:<\/p>\r\n\r\n\r\n\r\n<ul>\r\n<li>Carteirinha de estudante (frente e verso);<\/li>\r\n\r\n\r\n\r\n<li>Declara\u00e7\u00e3o de matricula ou frequ\u00eancia assinada e carimbada pela institui\u00e7\u00e3o de ensino;<\/li>\r\n\r\n\r\n\r\n<li>Boleto quitado de mensalidade do semestre vigente da institui\u00e7\u00e3o de ensino.<\/li>\r\n<\/ul>\r\n\r\n\r\n\r\n<h3 class=\"wp-block-heading\"><strong>Residentes<\/strong><\/h3>\r\n\r\n\r\n\r\n<p>Os residentes\/especializando dever\u00e3o ANEXAR a declara\u00e7\u00e3o assinada pelo hospital ou documento comprobat\u00f3rio de especializa\u00e7\u00e3o no momento da inscri\u00e7\u00e3o.<\/p>\r\n\r\n\r\n\r\n<h3 class=\"wp-block-heading\"><strong>Multiprofissionais<\/strong><\/h3>\r\n\r\n\r\n\r\n<p>Os profissionais de outras \u00e1reas da sa\u00fade dever\u00e3o ANEXAR uma declara\u00e7\u00e3o assinada pelo hospital ou carteirinha do seu referido conselho.<\/p>\r\n\r\n\r\n\r\n<h2 class=\"wp-block-heading\"><strong>Pol\u00edtica de troca e devolu\u00e7\u00e3o<\/strong><\/h2>\r\n\r\n\r\n\r\n<p>DEVOLU\u00c7\u00c3O\u00a0&#8211; O cancelamento da inscri\u00e7\u00e3o somente ser\u00e1 aceito se solicitado at\u00e9 trinta (30) dias antes do in\u00edcio do evento, sendo formalizado por e-mail para\u00a0<a href=\"mailto:mineironefro@atmaeventos.com.br\" target=\"_blank\" rel=\"noreferrer noopener\">mineironefro@atmaeventos.com.br<\/a>. Ap\u00f3s o prazo estipulado para solicita\u00e7\u00e3o de cancelamento\/desist\u00eancia, n\u00e3o haver\u00e1 reembolso.<\/p>\r\n\r\n\r\n\r\n<p>O reembolso do cancelamento da inscri\u00e7\u00e3o ter\u00e1 uma reten\u00e7\u00e3o de 30% (trinta por cento), a t\u00edtulo de taxa de administra\u00e7\u00e3o. O reembolso ser\u00e1 realizado em at\u00e9 trinta dias ap\u00f3s o t\u00e9rmino do Congresso. N\u00e3o h\u00e1 reembolso para inscri\u00e7\u00e3o efetuada em categoria errada.<\/p>\r\n\r\n\r\n\r\n<h2 class=\"wp-block-heading\">Certificados<\/h2>\r\n\r\n\r\n\r\n<p>Os certificados ser\u00e3o digitais e estar\u00e3o dispon\u00edveis no site do congresso.<\/p>\r\n\r\n\r\n\r\n<p>Prazo para libera\u00e7\u00e3o: at\u00e9 10 dias ap\u00f3s a realiza\u00e7\u00e3o do evento.<\/p>\r\n\r\n\r\n\r\n<h2 class=\"wp-block-heading\"><strong>Resolu\u00e7\u00e3o RDC 102\/00 &#8211; Anvisa<\/strong><\/h2>\r\n\r\n\r\n\r\n<p>Todos os profissionais n\u00e3o habilitados a prescreverem e dispensarem medicamentos participar\u00e3o do evento utilizando crach\u00e1 identificado com a inscri\u00e7\u00e3o N\u00c3O PRESCRITOR;<\/p>\r\n\r\n\r\n\r\n<p>N\u00e3o ser\u00e1 permitida a entrada de acompanhantes de congressistas na \u00e1rea de exposi\u00e7\u00e3o e nas atividades cient\u00edficas, ainda que sejam m\u00e9dicos (ANVISA &#8211; RDC96).<\/p>\r\n\r\n\r\n\r\n<p>De acordo com a RDC 102\/00 \u2013 as empresas farmac\u00eauticas que possuem produtos com venda sob prescri\u00e7\u00e3o m\u00e9dica n\u00e3o podem entregar brindes ou amostras para os participantes N\u00c3O PRESCRITORES.<\/p>\r\n\r\n\r\n\r\n<div class=\"wp-block-buttons is-content-justification-center is-layout-flex wp-container-3\">\r\n<div class=\"wp-block-button\"><a class=\"wp-block-button__link has-background wp-element-button\" style=\"border-radius: 10px; background-color: #570404;\" href=\"https:\/\/icongresso.smn.itarget.com.br\/estacao\/index\/index\/evento\/4\" target=\"_blank\" rel=\"noreferrer noopener\"><strong>INSCREVA-SE<\/strong><\/a><\/div>\r\n<\/div>\r\n","protected":false},"excerpt":{"rendered":"<p>NOME DA CATEGORIA 1\u00aa VIG\u00caNCIAat\u00e9 28\/02 2\u00aa VIG\u00caNCIA01\/03 at\u00e9 31\/03 3\u00aa VIG\u00caNCIA01\/04 at\u00e9 10\/05 4\u00aa VIG\u00caNCIA11\/05 at\u00e9 26\/05 M\u00e9dicos nefrologistas s\u00f3cios da SBN 500,00 600,00 750,00 900,00\u00a0&#8211; 750,00 M\u00e9dicos nefrologistas n\u00e3o s\u00f3cios SBN 700,00 850,00 1000,00 1200,00\u00a0&#8211; 1000,00 Residentes P\u00f3s graduandos s\u00f3cios da SBN 250,00 350,00 450,00 600,00\u00a0&#8211; 450,00 Residentes p\u00f3s graduandos N\u00e3o s\u00f3cios da [&hellip;]<\/p>\n","protected":false},"author":1,"featured_media":656,"parent":0,"menu_order":0,"comment_status":"closed","ping_status":"closed","template":"","meta":[],"yoast_head":"<!-- This site is optimized with the Yoast SEO plugin v20.7 - https:\/\/yoast.com\/wordpress\/plugins\/seo\/ -->\n<title>Inscri\u00e7\u00f5es - 15\u00ba Congresso Mineiro de Nefrologia<\/title>\n<meta name=\"robots\" content=\"index, follow, max-snippet:-1, max-image-preview:large, max-video-preview:-1\" \/>\n<link rel=\"canonical\" href=\"https:\/\/smn.org.br\/congresso\/inscricoes\/\" \/>\n<meta property=\"og:locale\" content=\"pt_BR\" \/>\n<meta property=\"og:type\" content=\"article\" \/>\n<meta property=\"og:title\" content=\"Inscri\u00e7\u00f5es - 15\u00ba Congresso Mineiro de Nefrologia\" \/>\n<meta property=\"og:description\" content=\"NOME DA CATEGORIA 1\u00aa VIG\u00caNCIAat\u00e9 28\/02 2\u00aa VIG\u00caNCIA01\/03 at\u00e9 31\/03 3\u00aa VIG\u00caNCIA01\/04 at\u00e9 10\/05 4\u00aa VIG\u00caNCIA11\/05 at\u00e9 26\/05 M\u00e9dicos nefrologistas s\u00f3cios da SBN 500,00 600,00 750,00 900,00\u00a0&#8211; 750,00 M\u00e9dicos nefrologistas n\u00e3o s\u00f3cios SBN 700,00 850,00 1000,00 1200,00\u00a0&#8211; 1000,00 Residentes P\u00f3s graduandos s\u00f3cios da SBN 250,00 350,00 450,00 600,00\u00a0&#8211; 450,00 Residentes p\u00f3s graduandos N\u00e3o s\u00f3cios da [&hellip;]\" \/>\n<meta property=\"og:url\" content=\"https:\/\/smn.org.br\/congresso\/inscricoes\/\" \/>\n<meta property=\"og:site_name\" content=\"15\u00ba Congresso Mineiro de Nefrologia\" \/>\n<meta property=\"article:publisher\" content=\"https:\/\/www.facebook.com\/smn.org.br\" \/>\n<meta property=\"article:modified_time\" content=\"2023-05-09T15:18:32+00:00\" \/>\n<meta property=\"og:image\" content=\"https:\/\/smn.org.br\/congresso\/wp-content\/uploads\/2022\/12\/ruas-tiradentes.jpg\" \/>\n\t<meta property=\"og:image:width\" content=\"1400\" \/>\n\t<meta property=\"og:image:height\" content=\"500\" \/>\n\t<meta property=\"og:image:type\" content=\"image\/jpeg\" \/>\n<meta name=\"twitter:card\" content=\"summary_large_image\" \/>\n<meta name=\"twitter:label1\" content=\"Est. reading time\" \/>\n\t<meta name=\"twitter:data1\" content=\"4 minutos\" \/>\n<script type=\"application\/ld+json\" class=\"yoast-schema-graph\">{\"@context\":\"https:\/\/schema.org\",\"@graph\":[{\"@type\":\"WebPage\",\"@id\":\"https:\/\/smn.org.br\/congresso\/inscricoes\/\",\"url\":\"https:\/\/smn.org.br\/congresso\/inscricoes\/\",\"name\":\"Inscri\u00e7\u00f5es - 15\u00ba Congresso Mineiro de Nefrologia\",\"isPartOf\":{\"@id\":\"https:\/\/smn.org.br\/congresso\/#website\"},\"datePublished\":\"2021-06-09T23:25:29+00:00\",\"dateModified\":\"2023-05-09T15:18:32+00:00\",\"breadcrumb\":{\"@id\":\"https:\/\/smn.org.br\/congresso\/inscricoes\/#breadcrumb\"},\"inLanguage\":\"pt-BR\",\"potentialAction\":[{\"@type\":\"ReadAction\",\"target\":[\"https:\/\/smn.org.br\/congresso\/inscricoes\/\"]}]},{\"@type\":\"BreadcrumbList\",\"@id\":\"https:\/\/smn.org.br\/congresso\/inscricoes\/#breadcrumb\",\"itemListElement\":[{\"@type\":\"ListItem\",\"position\":1,\"name\":\"Home\",\"item\":\"https:\/\/smn.org.br\/congresso\/\"},{\"@type\":\"ListItem\",\"position\":2,\"name\":\"Inscri\u00e7\u00f5es\"}]},{\"@type\":\"WebSite\",\"@id\":\"https:\/\/smn.org.br\/congresso\/#website\",\"url\":\"https:\/\/smn.org.br\/congresso\/\",\"name\":\"15\u00ba Congresso Mineiro de Nefrologia\",\"description\":\"6\u00ba Simp\u00f3sio Mineiro de Transplante Renal\",\"publisher\":{\"@id\":\"https:\/\/smn.org.br\/congresso\/#organization\"},\"potentialAction\":[{\"@type\":\"SearchAction\",\"target\":{\"@type\":\"EntryPoint\",\"urlTemplate\":\"https:\/\/smn.org.br\/congresso\/?s={search_term_string}\"},\"query-input\":\"required name=search_term_string\"}],\"inLanguage\":\"pt-BR\"},{\"@type\":\"Organization\",\"@id\":\"https:\/\/smn.org.br\/congresso\/#organization\",\"name\":\"15\u00ba Congresso Mineiro de Nefrologia\",\"url\":\"https:\/\/smn.org.br\/congresso\/\",\"logo\":{\"@type\":\"ImageObject\",\"inLanguage\":\"pt-BR\",\"@id\":\"https:\/\/smn.org.br\/congresso\/#\/schema\/logo\/image\/\",\"url\":\"https:\/\/www.smn.org.br\/congresso\/wp-content\/uploads\/2022\/12\/logo-congresso-mineiro-nefrologia-2023.png\",\"contentUrl\":\"https:\/\/www.smn.org.br\/congresso\/wp-content\/uploads\/2022\/12\/logo-congresso-mineiro-nefrologia-2023.png\",\"width\":400,\"height\":159,\"caption\":\"15\u00ba Congresso Mineiro de Nefrologia\"},\"image\":{\"@id\":\"https:\/\/smn.org.br\/congresso\/#\/schema\/logo\/image\/\"},\"sameAs\":[\"https:\/\/www.facebook.com\/smn.org.br\"]}]}<\/script>\n<!-- \/ Yoast SEO plugin. -->","yoast_head_json":{"title":"Inscri\u00e7\u00f5es - 15\u00ba Congresso Mineiro de Nefrologia","robots":{"index":"index","follow":"follow","max-snippet":"max-snippet:-1","max-image-preview":"max-image-preview:large","max-video-preview":"max-video-preview:-1"},"canonical":"https:\/\/smn.org.br\/congresso\/inscricoes\/","og_locale":"pt_BR","og_type":"article","og_title":"Inscri\u00e7\u00f5es - 15\u00ba Congresso Mineiro de Nefrologia","og_description":"NOME DA CATEGORIA 1\u00aa VIG\u00caNCIAat\u00e9 28\/02 2\u00aa VIG\u00caNCIA01\/03 at\u00e9 31\/03 3\u00aa VIG\u00caNCIA01\/04 at\u00e9 10\/05 4\u00aa VIG\u00caNCIA11\/05 at\u00e9 26\/05 M\u00e9dicos nefrologistas s\u00f3cios da SBN 500,00 600,00 750,00 900,00\u00a0&#8211; 750,00 M\u00e9dicos nefrologistas n\u00e3o s\u00f3cios SBN 700,00 850,00 1000,00 1200,00\u00a0&#8211; 1000,00 Residentes P\u00f3s graduandos s\u00f3cios da SBN 250,00 350,00 450,00 600,00\u00a0&#8211; 450,00 Residentes p\u00f3s graduandos N\u00e3o s\u00f3cios da [&hellip;]","og_url":"https:\/\/smn.org.br\/congresso\/inscricoes\/","og_site_name":"15\u00ba Congresso Mineiro de Nefrologia","article_publisher":"https:\/\/www.facebook.com\/smn.org.br","article_modified_time":"2023-05-09T15:18:32+00:00","og_image":[{"width":1400,"height":500,"url":"https:\/\/smn.org.br\/congresso\/wp-content\/uploads\/2022\/12\/ruas-tiradentes.jpg","type":"image\/jpeg"}],"twitter_card":"summary_large_image","twitter_misc":{"Est. reading time":"4 minutos"},"schema":{"@context":"https:\/\/schema.org","@graph":[{"@type":"WebPage","@id":"https:\/\/smn.org.br\/congresso\/inscricoes\/","url":"https:\/\/smn.org.br\/congresso\/inscricoes\/","name":"Inscri\u00e7\u00f5es - 15\u00ba Congresso Mineiro de Nefrologia","isPartOf":{"@id":"https:\/\/smn.org.br\/congresso\/#website"},"datePublished":"2021-06-09T23:25:29+00:00","dateModified":"2023-05-09T15:18:32+00:00","breadcrumb":{"@id":"https:\/\/smn.org.br\/congresso\/inscricoes\/#breadcrumb"},"inLanguage":"pt-BR","potentialAction":[{"@type":"ReadAction","target":["https:\/\/smn.org.br\/congresso\/inscricoes\/"]}]},{"@type":"BreadcrumbList","@id":"https:\/\/smn.org.br\/congresso\/inscricoes\/#breadcrumb","itemListElement":[{"@type":"ListItem","position":1,"name":"Home","item":"https:\/\/smn.org.br\/congresso\/"},{"@type":"ListItem","position":2,"name":"Inscri\u00e7\u00f5es"}]},{"@type":"WebSite","@id":"https:\/\/smn.org.br\/congresso\/#website","url":"https:\/\/smn.org.br\/congresso\/","name":"15\u00ba Congresso Mineiro de Nefrologia","description":"6\u00ba Simp\u00f3sio Mineiro de Transplante Renal","publisher":{"@id":"https:\/\/smn.org.br\/congresso\/#organization"},"potentialAction":[{"@type":"SearchAction","target":{"@type":"EntryPoint","urlTemplate":"https:\/\/smn.org.br\/congresso\/?s={search_term_string}"},"query-input":"required name=search_term_string"}],"inLanguage":"pt-BR"},{"@type":"Organization","@id":"https:\/\/smn.org.br\/congresso\/#organization","name":"15\u00ba Congresso Mineiro de Nefrologia","url":"https:\/\/smn.org.br\/congresso\/","logo":{"@type":"ImageObject","inLanguage":"pt-BR","@id":"https:\/\/smn.org.br\/congresso\/#\/schema\/logo\/image\/","url":"https:\/\/www.smn.org.br\/congresso\/wp-content\/uploads\/2022\/12\/logo-congresso-mineiro-nefrologia-2023.png","contentUrl":"https:\/\/www.smn.org.br\/congresso\/wp-content\/uploads\/2022\/12\/logo-congresso-mineiro-nefrologia-2023.png","width":400,"height":159,"caption":"15\u00ba Congresso Mineiro de Nefrologia"},"image":{"@id":"https:\/\/smn.org.br\/congresso\/#\/schema\/logo\/image\/"},"sameAs":["https:\/\/www.facebook.com\/smn.org.br"]}]}},"_links":{"self":[{"href":"https:\/\/smn.org.br\/congresso\/wp-json\/wp\/v2\/pages\/345"}],"collection":[{"href":"https:\/\/smn.org.br\/congresso\/wp-json\/wp\/v2\/pages"}],"about":[{"href":"https:\/\/smn.org.br\/congresso\/wp-json\/wp\/v2\/types\/page"}],"author":[{"embeddable":true,"href":"https:\/\/smn.org.br\/congresso\/wp-json\/wp\/v2\/users\/1"}],"replies":[{"embeddable":true,"href":"https:\/\/smn.org.br\/congresso\/wp-json\/wp\/v2\/comments?post=345"}],"version-history":[{"count":42,"href":"https:\/\/smn.org.br\/congresso\/wp-json\/wp\/v2\/pages\/345\/revisions"}],"predecessor-version":[{"id":818,"href":"https:\/\/smn.org.br\/congresso\/wp-json\/wp\/v2\/pages\/345\/revisions\/818"}],"wp:featuredmedia":[{"embeddable":true,"href":"https:\/\/smn.org.br\/congresso\/wp-json\/wp\/v2\/media\/656"}],"wp:attachment":[{"href":"https:\/\/smn.org.br\/congresso\/wp-json\/wp\/v2\/media?parent=345"}],"curies":[{"name":"wp","href":"https:\/\/api.w.org\/{rel}","templated":true}]}}