{"id":10,"date":"2018-08-11T21:12:17","date_gmt":"2018-08-12T00:12:17","guid":{"rendered":"http:\/\/www.smn.org.br\/congresso\/?page_id=10"},"modified":"2022-12-05T20:39:15","modified_gmt":"2022-12-05T23:39:15","slug":"o-evento","status":"publish","type":"page","link":"https:\/\/smn.org.br\/congresso\/o-evento\/","title":{"rendered":"O evento"},"content":{"rendered":"\n<h2 class=\"wp-block-heading\">Objetivos<\/h2>\n\n\n\n<p>Reunir toda a comunidade nefrol\u00f3gica e outras especialidades, buscando transmitir e atualizar conhecimentos para o melhor desempenho di\u00e1rio da especialidade.&nbsp; F\u00f3rum para discutir as atualidades e avan\u00e7os das medidas preventivas, diagn\u00f3sticas e tratamentos das doen\u00e7as renais.<\/p>\n\n\n\n<h2 class=\"wp-block-heading\">P\u00fablico alvo<\/h2>\n\n\n\n<p>M\u00e9dicos nefrologistas, urologistas, cirurgi\u00f5es vasculares, residentes, acad\u00eamicos de Medicina, enfermeiros, nutricionistas, psic\u00f3logos, assistentes sociais e outros profissionais que atuam na \u00e1rea.<\/p>\n\n\n\n<h2 class=\"wp-block-heading\">Local<\/h2>\n\n\n\n<p>Hotel Sant\u00edssimo: R. dos Inconfidentes, 140 &#8211; Centro Hist\u00f3rico, Tiradentes &#8211; MG, 36325-000<\/p>\n","protected":false},"excerpt":{"rendered":"<p>Objetivos Reunir toda a comunidade nefrol\u00f3gica e outras especialidades, buscando transmitir e atualizar conhecimentos para o melhor desempenho di\u00e1rio da especialidade.&nbsp; F\u00f3rum para discutir as atualidades e avan\u00e7os das medidas preventivas, diagn\u00f3sticas e tratamentos das doen\u00e7as renais. P\u00fablico alvo M\u00e9dicos nefrologistas, urologistas, cirurgi\u00f5es vasculares, residentes, acad\u00eamicos de Medicina, enfermeiros, nutricionistas, psic\u00f3logos, assistentes sociais e outros [&hellip;]<\/p>\n","protected":false},"author":1,"featured_media":657,"parent":0,"menu_order":0,"comment_status":"closed","ping_status":"closed","template":"","meta":[],"yoast_head":"<!-- This site is optimized with the Yoast SEO plugin v20.7 - https:\/\/yoast.com\/wordpress\/plugins\/seo\/ -->\n<title>O evento - 15\u00ba Congresso Mineiro de Nefrologia<\/title>\n<meta name=\"robots\" content=\"index, follow, max-snippet:-1, max-image-preview:large, max-video-preview:-1\" \/>\n<link rel=\"canonical\" href=\"https:\/\/smn.org.br\/congresso\/o-evento\/\" \/>\n<meta property=\"og:locale\" content=\"pt_BR\" \/>\n<meta property=\"og:type\" content=\"article\" \/>\n<meta property=\"og:title\" content=\"O evento - 15\u00ba Congresso Mineiro de Nefrologia\" \/>\n<meta property=\"og:description\" content=\"Objetivos Reunir toda a comunidade nefrol\u00f3gica e outras especialidades, buscando transmitir e atualizar conhecimentos para o melhor desempenho di\u00e1rio da especialidade.&nbsp; F\u00f3rum para discutir as atualidades e avan\u00e7os das medidas preventivas, diagn\u00f3sticas e tratamentos das doen\u00e7as renais. P\u00fablico alvo M\u00e9dicos nefrologistas, urologistas, cirurgi\u00f5es vasculares, residentes, acad\u00eamicos de Medicina, enfermeiros, nutricionistas, psic\u00f3logos, assistentes sociais e outros [&hellip;]\" \/>\n<meta property=\"og:url\" content=\"https:\/\/smn.org.br\/congresso\/o-evento\/\" \/>\n<meta property=\"og:site_name\" content=\"15\u00ba Congresso Mineiro de Nefrologia\" \/>\n<meta property=\"article:publisher\" content=\"https:\/\/www.facebook.com\/smn.org.br\" \/>\n<meta property=\"article:modified_time\" content=\"2022-12-05T23:39:15+00:00\" \/>\n<meta property=\"og:image\" content=\"https:\/\/smn.org.br\/congresso\/wp-content\/uploads\/2022\/12\/ladeira-tiradentes-igreja.jpg\" \/>\n\t<meta property=\"og:image:width\" content=\"1400\" \/>\n\t<meta property=\"og:image:height\" content=\"500\" \/>\n\t<meta property=\"og:image:type\" content=\"image\/jpeg\" \/>\n<meta name=\"twitter:card\" content=\"summary_large_image\" \/>\n<script type=\"application\/ld+json\" class=\"yoast-schema-graph\">{\"@context\":\"https:\/\/schema.org\",\"@graph\":[{\"@type\":\"WebPage\",\"@id\":\"https:\/\/smn.org.br\/congresso\/o-evento\/\",\"url\":\"https:\/\/smn.org.br\/congresso\/o-evento\/\",\"name\":\"O evento - 15\u00ba Congresso Mineiro de Nefrologia\",\"isPartOf\":{\"@id\":\"https:\/\/smn.org.br\/congresso\/#website\"},\"datePublished\":\"2018-08-12T00:12:17+00:00\",\"dateModified\":\"2022-12-05T23:39:15+00:00\",\"breadcrumb\":{\"@id\":\"https:\/\/smn.org.br\/congresso\/o-evento\/#breadcrumb\"},\"inLanguage\":\"pt-BR\",\"potentialAction\":[{\"@type\":\"ReadAction\",\"target\":[\"https:\/\/smn.org.br\/congresso\/o-evento\/\"]}]},{\"@type\":\"BreadcrumbList\",\"@id\":\"https:\/\/smn.org.br\/congresso\/o-evento\/#breadcrumb\",\"itemListElement\":[{\"@type\":\"ListItem\",\"position\":1,\"name\":\"Home\",\"item\":\"https:\/\/smn.org.br\/congresso\/\"},{\"@type\":\"ListItem\",\"position\":2,\"name\":\"O evento\"}]},{\"@type\":\"WebSite\",\"@id\":\"https:\/\/smn.org.br\/congresso\/#website\",\"url\":\"https:\/\/smn.org.br\/congresso\/\",\"name\":\"15\u00ba Congresso Mineiro de Nefrologia\",\"description\":\"6\u00ba Simp\u00f3sio Mineiro de Transplante Renal\",\"publisher\":{\"@id\":\"https:\/\/smn.org.br\/congresso\/#organization\"},\"potentialAction\":[{\"@type\":\"SearchAction\",\"target\":{\"@type\":\"EntryPoint\",\"urlTemplate\":\"https:\/\/smn.org.br\/congresso\/?s={search_term_string}\"},\"query-input\":\"required name=search_term_string\"}],\"inLanguage\":\"pt-BR\"},{\"@type\":\"Organization\",\"@id\":\"https:\/\/smn.org.br\/congresso\/#organization\",\"name\":\"15\u00ba Congresso Mineiro de Nefrologia\",\"url\":\"https:\/\/smn.org.br\/congresso\/\",\"logo\":{\"@type\":\"ImageObject\",\"inLanguage\":\"pt-BR\",\"@id\":\"https:\/\/smn.org.br\/congresso\/#\/schema\/logo\/image\/\",\"url\":\"https:\/\/www.smn.org.br\/congresso\/wp-content\/uploads\/2022\/12\/logo-congresso-mineiro-nefrologia-2023.png\",\"contentUrl\":\"https:\/\/www.smn.org.br\/congresso\/wp-content\/uploads\/2022\/12\/logo-congresso-mineiro-nefrologia-2023.png\",\"width\":400,\"height\":159,\"caption\":\"15\u00ba Congresso Mineiro de Nefrologia\"},\"image\":{\"@id\":\"https:\/\/smn.org.br\/congresso\/#\/schema\/logo\/image\/\"},\"sameAs\":[\"https:\/\/www.facebook.com\/smn.org.br\"]}]}<\/script>\n<!-- \/ Yoast SEO plugin. -->","yoast_head_json":{"title":"O evento - 15\u00ba Congresso Mineiro de Nefrologia","robots":{"index":"index","follow":"follow","max-snippet":"max-snippet:-1","max-image-preview":"max-image-preview:large","max-video-preview":"max-video-preview:-1"},"canonical":"https:\/\/smn.org.br\/congresso\/o-evento\/","og_locale":"pt_BR","og_type":"article","og_title":"O evento - 15\u00ba Congresso Mineiro de Nefrologia","og_description":"Objetivos Reunir toda a comunidade nefrol\u00f3gica e outras especialidades, buscando transmitir e atualizar conhecimentos para o melhor desempenho di\u00e1rio da especialidade.&nbsp; F\u00f3rum para discutir as atualidades e avan\u00e7os das medidas preventivas, diagn\u00f3sticas e tratamentos das doen\u00e7as renais. P\u00fablico alvo M\u00e9dicos nefrologistas, urologistas, cirurgi\u00f5es vasculares, residentes, acad\u00eamicos de Medicina, enfermeiros, nutricionistas, psic\u00f3logos, assistentes sociais e outros [&hellip;]","og_url":"https:\/\/smn.org.br\/congresso\/o-evento\/","og_site_name":"15\u00ba Congresso Mineiro de Nefrologia","article_publisher":"https:\/\/www.facebook.com\/smn.org.br","article_modified_time":"2022-12-05T23:39:15+00:00","og_image":[{"width":1400,"height":500,"url":"https:\/\/smn.org.br\/congresso\/wp-content\/uploads\/2022\/12\/ladeira-tiradentes-igreja.jpg","type":"image\/jpeg"}],"twitter_card":"summary_large_image","schema":{"@context":"https:\/\/schema.org","@graph":[{"@type":"WebPage","@id":"https:\/\/smn.org.br\/congresso\/o-evento\/","url":"https:\/\/smn.org.br\/congresso\/o-evento\/","name":"O evento - 15\u00ba Congresso Mineiro de Nefrologia","isPartOf":{"@id":"https:\/\/smn.org.br\/congresso\/#website"},"datePublished":"2018-08-12T00:12:17+00:00","dateModified":"2022-12-05T23:39:15+00:00","breadcrumb":{"@id":"https:\/\/smn.org.br\/congresso\/o-evento\/#breadcrumb"},"inLanguage":"pt-BR","potentialAction":[{"@type":"ReadAction","target":["https:\/\/smn.org.br\/congresso\/o-evento\/"]}]},{"@type":"BreadcrumbList","@id":"https:\/\/smn.org.br\/congresso\/o-evento\/#breadcrumb","itemListElement":[{"@type":"ListItem","position":1,"name":"Home","item":"https:\/\/smn.org.br\/congresso\/"},{"@type":"ListItem","position":2,"name":"O evento"}]},{"@type":"WebSite","@id":"https:\/\/smn.org.br\/congresso\/#website","url":"https:\/\/smn.org.br\/congresso\/","name":"15\u00ba Congresso Mineiro de Nefrologia","description":"6\u00ba Simp\u00f3sio Mineiro de Transplante Renal","publisher":{"@id":"https:\/\/smn.org.br\/congresso\/#organization"},"potentialAction":[{"@type":"SearchAction","target":{"@type":"EntryPoint","urlTemplate":"https:\/\/smn.org.br\/congresso\/?s={search_term_string}"},"query-input":"required name=search_term_string"}],"inLanguage":"pt-BR"},{"@type":"Organization","@id":"https:\/\/smn.org.br\/congresso\/#organization","name":"15\u00ba Congresso Mineiro de Nefrologia","url":"https:\/\/smn.org.br\/congresso\/","logo":{"@type":"ImageObject","inLanguage":"pt-BR","@id":"https:\/\/smn.org.br\/congresso\/#\/schema\/logo\/image\/","url":"https:\/\/www.smn.org.br\/congresso\/wp-content\/uploads\/2022\/12\/logo-congresso-mineiro-nefrologia-2023.png","contentUrl":"https:\/\/www.smn.org.br\/congresso\/wp-content\/uploads\/2022\/12\/logo-congresso-mineiro-nefrologia-2023.png","width":400,"height":159,"caption":"15\u00ba Congresso Mineiro de Nefrologia"},"image":{"@id":"https:\/\/smn.org.br\/congresso\/#\/schema\/logo\/image\/"},"sameAs":["https:\/\/www.facebook.com\/smn.org.br"]}]}},"_links":{"self":[{"href":"https:\/\/smn.org.br\/congresso\/wp-json\/wp\/v2\/pages\/10"}],"collection":[{"href":"https:\/\/smn.org.br\/congresso\/wp-json\/wp\/v2\/pages"}],"about":[{"href":"https:\/\/smn.org.br\/congresso\/wp-json\/wp\/v2\/types\/page"}],"author":[{"embeddable":true,"href":"https:\/\/smn.org.br\/congresso\/wp-json\/wp\/v2\/users\/1"}],"replies":[{"embeddable":true,"href":"https:\/\/smn.org.br\/congresso\/wp-json\/wp\/v2\/comments?post=10"}],"version-history":[{"count":8,"href":"https:\/\/smn.org.br\/congresso\/wp-json\/wp\/v2\/pages\/10\/revisions"}],"predecessor-version":[{"id":654,"href":"https:\/\/smn.org.br\/congresso\/wp-json\/wp\/v2\/pages\/10\/revisions\/654"}],"wp:featuredmedia":[{"embeddable":true,"href":"https:\/\/smn.org.br\/congresso\/wp-json\/wp\/v2\/media\/657"}],"wp:attachment":[{"href":"https:\/\/smn.org.br\/congresso\/wp-json\/wp\/v2\/media?parent=10"}],"curies":[{"name":"wp","href":"https:\/\/api.w.org\/{rel}","templated":true}]}}